{"id":8,"date":"2025-06-29T12:50:37","date_gmt":"2025-06-29T10:50:37","guid":{"rendered":"https:\/\/zarobkowyinsider.pl\/?page_id=8"},"modified":"2025-06-29T18:40:40","modified_gmt":"2025-06-29T16:40:40","slug":"koszyk","status":"publish","type":"page","link":"https:\/\/zarobkowyinsider.pl\/?page_id=8","title":{"rendered":"Koszyk"},"content":{"rendered":"\n<div data-block-name=\"woocommerce\/cart\" class=\"wp-block-woocommerce-cart alignwide is-loading\">\n<div data-block-name=\"woocommerce\/filled-cart-block\" class=\"wp-block-woocommerce-filled-cart-block\">\n<div data-block-name=\"woocommerce\/cart-items-block\" class=\"wp-block-woocommerce-cart-items-block\">\n<div data-block-name=\"woocommerce\/cart-line-items-block\" class=\"wp-block-woocommerce-cart-line-items-block\"><\/div>\n\n\n\n<div data-block-name=\"woocommerce\/cart-cross-sells-block\" class=\"wp-block-woocommerce-cart-cross-sells-block\">\n<h2 class=\"wp-block-heading has-large-font-size\">Zobacz inne r\u00f3wnie interesuj\u0105ce\u2026<\/h2>\n\n\n\n<div data-block-name=\"woocommerce\/cart-cross-sells-products-block\" class=\"wp-block-woocommerce-cart-cross-sells-products-block\"><\/div>\n<\/div>\n<\/div>\n\n\n\n<div data-block-name=\"woocommerce\/cart-totals-block\" class=\"wp-block-woocommerce-cart-totals-block\">\n<div data-block-name=\"woocommerce\/cart-order-summary-block\" class=\"wp-block-woocommerce-cart-order-summary-block\">\n<div data-block-name=\"woocommerce\/cart-order-summary-heading-block\" class=\"wp-block-woocommerce-cart-order-summary-heading-block\"><\/div><div data-block-name=\"woocommerce\/cart-order-summary-coupon-form-block\" class=\"wp-block-woocommerce-cart-order-summary-coupon-form-block\"><\/div><div data-block-name=\"woocommerce\/cart-order-summary-totals-block\" class=\"wp-block-woocommerce-cart-order-summary-totals-block\">\n<div data-block-name=\"woocommerce\/cart-order-summary-subtotal-block\" class=\"wp-block-woocommerce-cart-order-summary-subtotal-block\"><\/div>\n<div data-block-name=\"woocommerce\/cart-order-summary-discount-block\" class=\"wp-block-woocommerce-cart-order-summary-discount-block\"><\/div>\n<div data-block-name=\"woocommerce\/cart-order-summary-fee-block\" class=\"wp-block-woocommerce-cart-order-summary-fee-block\"><\/div>\n<div data-block-name=\"woocommerce\/cart-order-summary-shipping-block\" class=\"wp-block-woocommerce-cart-order-summary-shipping-block\"><\/div>\n<div data-block-name=\"woocommerce\/cart-order-summary-taxes-block\" class=\"wp-block-woocommerce-cart-order-summary-taxes-block\"><\/div><\/div>\n<\/div>\n\n\n\n<div data-block-name=\"woocommerce\/cart-express-payment-block\" class=\"wp-block-woocommerce-cart-express-payment-block\"><\/div>\n\n\n\n<div data-block-name=\"woocommerce\/proceed-to-checkout-block\" class=\"wp-block-woocommerce-proceed-to-checkout-block\"><\/div>\n\n\n\n<div data-block-name=\"woocommerce\/cart-accepted-payment-methods-block\" class=\"wp-block-woocommerce-cart-accepted-payment-methods-block\"><\/div>\n<\/div>\n<\/div>\n\n\n\n<div data-block-name=\"woocommerce\/empty-cart-block\" class=\"wp-block-woocommerce-empty-cart-block\">\n<h2 class=\"wp-block-heading has-text-align-center with-empty-cart-icon wc-block-cart__empty-cart__title\">Tw\u00f3j koszyk jest obecnie pusty!<\/h2>\n\n\n\n<hr class=\"wp-block-separator has-alpha-channel-opacity is-style-dots\"\/>\n\n\n\n<h2 class=\"wp-block-heading has-text-align-center\">Nowe w sklepie<\/h2>\n\n\n<div data-block-name=\"woocommerce\/product-new\" data-columns=\"4\" data-rows=\"1\" class=\"wc-block-grid wp-block-product-new wp-block-woocommerce-product-new wc-block-product-new has-4-columns\"><ul class=\"wc-block-grid__products\"><li class=\"wc-block-grid__product\">\n\t\t\t\t<a href=\"https:\/\/zarobkowyinsider.pl\/?product=pakiet-rozwojowy-najlepszy-na-start\" class=\"wc-block-grid__product-link\">\n\t\t\t\t\t<div class=\"wc-block-grid__product-onsale\">\n\t\t\t<span aria-hidden=\"true\">Sale<\/span>\n\t\t\t<span class=\"screen-reader-text\">Product on sale<\/span>\n\t\t<\/div>\n\t\t\t\t\t<div class=\"wc-block-grid__product-image\"><img fetchpriority=\"high\" decoding=\"async\" width=\"300\" height=\"300\" src=\"https:\/\/zarobkowyinsider.pl\/wp-content\/uploads\/2026\/02\/LACZONY-PROFUKT-300x300.png\" class=\"attachment-woocommerce_thumbnail size-woocommerce_thumbnail\" alt=\"Pakiet Decyzyjnej Przewagi\" srcset=\"https:\/\/zarobkowyinsider.pl\/wp-content\/uploads\/2026\/02\/LACZONY-PROFUKT-300x300.png 300w, https:\/\/zarobkowyinsider.pl\/wp-content\/uploads\/2026\/02\/LACZONY-PROFUKT-1024x1024.png 1024w, https:\/\/zarobkowyinsider.pl\/wp-content\/uploads\/2026\/02\/LACZONY-PROFUKT-150x150.png 150w, https:\/\/zarobkowyinsider.pl\/wp-content\/uploads\/2026\/02\/LACZONY-PROFUKT-768x768.png 768w, https:\/\/zarobkowyinsider.pl\/wp-content\/uploads\/2026\/02\/LACZONY-PROFUKT-600x600.png 600w, https:\/\/zarobkowyinsider.pl\/wp-content\/uploads\/2026\/02\/LACZONY-PROFUKT-100x100.png 100w, https:\/\/zarobkowyinsider.pl\/wp-content\/uploads\/2026\/02\/LACZONY-PROFUKT.png 1080w\" sizes=\"(max-width: 300px) 100vw, 300px\" \/><\/div>\n\t\t\t\t\t<div class=\"wc-block-grid__product-title\">Pakiet Decyzyjnej Przewagi<\/div>\n\t\t\t\t<\/a>\n\t\t\t\t<div class=\"wc-block-grid__product-price price\"><span class=\"sale-price\"><del aria-hidden=\"true\"><span class=\"woocommerce-Price-amount amount\">88,99&nbsp;<span class=\"woocommerce-Price-currencySymbol\">&#122;&#322;<\/span><\/span><\/del> <span class=\"screen-reader-text\">Original price was: 88,99&nbsp;&#122;&#322;.<\/span><ins aria-hidden=\"true\"><span class=\"woocommerce-Price-amount amount\">66,40&nbsp;<span class=\"woocommerce-Price-currencySymbol\">&#122;&#322;<\/span><\/span><\/ins><span class=\"screen-reader-text\">Current price is: 66,40&nbsp;&#122;&#322;.<\/span><\/span><\/div>\n\t\t\t\t\n\t\t\t\t<div class=\"wp-block-button wc-block-grid__product-add-to-cart\"><a href=\"\/index.php?rest_route=%2Fwp%2Fv2%2Fpages%2F8&#038;add-to-cart=1280\" aria-label=\"Read more about &ldquo;Pakiet Decyzyjnej Przewagi&rdquo;\" data-quantity=\"1\" data-product_id=\"1280\" data-product_sku=\"\" data-price=\"66.4\" rel=\"nofollow\" class=\"wp-block-button__link  add_to_cart_button ajax_add_to_cart\">Add to cart<\/a><\/div>\n\t\t\t<\/li><li class=\"wc-block-grid__product\">\n\t\t\t\t<a href=\"https:\/\/zarobkowyinsider.pl\/?product=filtry-skutecznosci-jak-podejmowac-decyzje-ktore-naprawde-przyblizaja-do-celu-pdf\" class=\"wc-block-grid__product-link\">\n\t\t\t\t\t\n\t\t\t\t\t<div class=\"wc-block-grid__product-image\"><img decoding=\"async\" width=\"300\" height=\"300\" src=\"https:\/\/zarobkowyinsider.pl\/wp-content\/uploads\/2026\/01\/Zdj-checklisty-300x300.jpg\" class=\"attachment-woocommerce_thumbnail size-woocommerce_thumbnail\" alt=\"Filtry SKUTECZNO\u015aCI - Jak podejmowa\u0107 decyzj\u0119, kt\u00f3re naprawd\u0119 przybli\u017caj\u0105 do celu (PDF)\" srcset=\"https:\/\/zarobkowyinsider.pl\/wp-content\/uploads\/2026\/01\/Zdj-checklisty-300x300.jpg 300w, https:\/\/zarobkowyinsider.pl\/wp-content\/uploads\/2026\/01\/Zdj-checklisty-1024x1024.jpg 1024w, https:\/\/zarobkowyinsider.pl\/wp-content\/uploads\/2026\/01\/Zdj-checklisty-150x150.jpg 150w, https:\/\/zarobkowyinsider.pl\/wp-content\/uploads\/2026\/01\/Zdj-checklisty-768x768.jpg 768w, https:\/\/zarobkowyinsider.pl\/wp-content\/uploads\/2026\/01\/Zdj-checklisty-600x600.jpg 600w, https:\/\/zarobkowyinsider.pl\/wp-content\/uploads\/2026\/01\/Zdj-checklisty-100x100.jpg 100w, https:\/\/zarobkowyinsider.pl\/wp-content\/uploads\/2026\/01\/Zdj-checklisty.jpg 1080w\" sizes=\"(max-width: 300px) 100vw, 300px\" \/><\/div>\n\t\t\t\t\t<div class=\"wc-block-grid__product-title\">Filtry SKUTECZNO\u015aCI &#8211; Jak podejmowa\u0107 decyzj\u0119, kt\u00f3re naprawd\u0119 przybli\u017caj\u0105 do celu (PDF)<\/div>\n\t\t\t\t<\/a>\n\t\t\t\t<div class=\"wc-block-grid__product-price price\"><span class=\"woocommerce-Price-amount amount\">39,00&nbsp;<span class=\"woocommerce-Price-currencySymbol\">&#122;&#322;<\/span><\/span><\/div>\n\t\t\t\t\n\t\t\t\t<div class=\"wp-block-button wc-block-grid__product-add-to-cart\"><a href=\"\/index.php?rest_route=%2Fwp%2Fv2%2Fpages%2F8&#038;add-to-cart=1043\" aria-label=\"Add to cart: &ldquo;Filtry SKUTECZNO\u015aCI - Jak podejmowa\u0107 decyzj\u0119, kt\u00f3re naprawd\u0119 przybli\u017caj\u0105 do celu (PDF)&rdquo;\" data-quantity=\"1\" data-product_id=\"1043\" data-product_sku=\"\" data-price=\"39\" rel=\"nofollow\" class=\"wp-block-button__link  add_to_cart_button ajax_add_to_cart\">Add to cart<\/a><\/div>\n\t\t\t<\/li><li class=\"wc-block-grid__product\">\n\t\t\t\t<a href=\"https:\/\/zarobkowyinsider.pl\/?product=etui-na-iphone\" class=\"wc-block-grid__product-link\">\n\t\t\t\t\t\n\t\t\t\t\t<div class=\"wc-block-grid__product-image\"><img decoding=\"async\" width=\"300\" height=\"300\" src=\"https:\/\/zarobkowyinsider.pl\/wp-content\/uploads\/2025\/12\/A-1-300x300.jpg\" class=\"attachment-woocommerce_thumbnail size-woocommerce_thumbnail\" alt=\"ETUI PREMIUM NA IPHONE | DOST\u0118PNE NA WI\u0118KSZO\u015a\u0106 MODELI | NAJWY\u017bSZA JAKO\u015a\u0106\" srcset=\"https:\/\/zarobkowyinsider.pl\/wp-content\/uploads\/2025\/12\/A-1-300x300.jpg 300w, https:\/\/zarobkowyinsider.pl\/wp-content\/uploads\/2025\/12\/A-1-150x150.jpg 150w, https:\/\/zarobkowyinsider.pl\/wp-content\/uploads\/2025\/12\/A-1-100x100.jpg 100w\" sizes=\"(max-width: 300px) 100vw, 300px\" \/><\/div>\n\t\t\t\t\t<div class=\"wc-block-grid__product-title\">ETUI PREMIUM NA IPHONE | DOST\u0118PNE NA WI\u0118KSZO\u015a\u0106 MODELI | NAJWY\u017bSZA JAKO\u015a\u0106<\/div>\n\t\t\t\t<\/a>\n\t\t\t\t<div class=\"wc-block-grid__product-price price\"><span class=\"woocommerce-Price-amount amount\">99,00&nbsp;<span class=\"woocommerce-Price-currencySymbol\">&#122;&#322;<\/span><\/span><\/div>\n\t\t\t\t\n\t\t\t\t<div class=\"wp-block-button wc-block-grid__product-add-to-cart\"><a href=\"https:\/\/zarobkowyinsider.pl\/?product=etui-na-iphone\" aria-label=\"Select options for &ldquo;ETUI PREMIUM NA IPHONE | DOST\u0118PNE NA WI\u0118KSZO\u015a\u0106 MODELI | NAJWY\u017bSZA JAKO\u015a\u0106&rdquo;\" data-quantity=\"1\" data-product_id=\"572\" data-product_sku=\"\" data-price=\"99\" rel=\"nofollow\" class=\"wp-block-button__link  add_to_cart_button\">Select options<\/a><\/div>\n\t\t\t<\/li><li class=\"wc-block-grid__product\">\n\t\t\t\t<a href=\"https:\/\/zarobkowyinsider.pl\/?product=zmeczenie-to-iluzja-ksiazka-o-tym-jak-pokonac-mentalne-blokady-i-odzyskac-energie\" class=\"wc-block-grid__product-link\">\n\t\t\t\t\t\n\t\t\t\t\t<div class=\"wc-block-grid__product-image\"><img loading=\"lazy\" decoding=\"async\" width=\"300\" height=\"300\" src=\"https:\/\/zarobkowyinsider.pl\/wp-content\/uploads\/2025\/06\/produkt-ebook-300x300.png\" class=\"attachment-woocommerce_thumbnail size-woocommerce_thumbnail\" alt=\"Zm\u0119czenie to ILUZJA\" srcset=\"https:\/\/zarobkowyinsider.pl\/wp-content\/uploads\/2025\/06\/produkt-ebook-300x300.png 300w, https:\/\/zarobkowyinsider.pl\/wp-content\/uploads\/2025\/06\/produkt-ebook-1024x1024.png 1024w, https:\/\/zarobkowyinsider.pl\/wp-content\/uploads\/2025\/06\/produkt-ebook-150x150.png 150w, https:\/\/zarobkowyinsider.pl\/wp-content\/uploads\/2025\/06\/produkt-ebook-768x768.png 768w, https:\/\/zarobkowyinsider.pl\/wp-content\/uploads\/2025\/06\/produkt-ebook-600x600.png 600w, https:\/\/zarobkowyinsider.pl\/wp-content\/uploads\/2025\/06\/produkt-ebook-100x100.png 100w, https:\/\/zarobkowyinsider.pl\/wp-content\/uploads\/2025\/06\/produkt-ebook.png 1080w\" sizes=\"(max-width: 300px) 100vw, 300px\" \/><\/div>\n\t\t\t\t\t<div class=\"wc-block-grid__product-title\">Zm\u0119czenie to ILUZJA<\/div>\n\t\t\t\t<\/a>\n\t\t\t\t<div class=\"wc-block-grid__product-price price\"><span class=\"woocommerce-Price-amount amount\">45,90&nbsp;<span class=\"woocommerce-Price-currencySymbol\">&#122;&#322;<\/span><\/span><\/div>\n\t\t\t\t\n\t\t\t\t<div class=\"wp-block-button wc-block-grid__product-add-to-cart\"><a href=\"\/index.php?rest_route=%2Fwp%2Fv2%2Fpages%2F8&#038;add-to-cart=280\" aria-label=\"Add to cart: &ldquo;Zm\u0119czenie to ILUZJA&rdquo;\" data-quantity=\"1\" data-product_id=\"280\" data-product_sku=\"\" data-price=\"45.9\" rel=\"nofollow\" class=\"wp-block-button__link  add_to_cart_button ajax_add_to_cart\">Add to cart<\/a><\/div>\n\t\t\t<\/li><\/ul><\/div><\/div>\n<\/div>\n","protected":false},"excerpt":{"rendered":"","protected":false},"author":1,"featured_media":0,"parent":0,"menu_order":0,"comment_status":"closed","ping_status":"closed","template":"","meta":{"footnotes":""},"class_list":["post-8","page","type-page","status-publish","hentry"],"blocksy_meta":[],"yoast_head":"<!-- This site is optimized with the Yoast SEO plugin v27.4 - https:\/\/yoast.com\/product\/yoast-seo-wordpress\/ -->\n<title>Koszyk - Zarobkowy Insider<\/title>\n<meta name=\"robots\" content=\"index, follow, max-snippet:-1, max-image-preview:large, max-video-preview:-1\" \/>\n<link rel=\"canonical\" href=\"https:\/\/zarobkowyinsider.pl\/?page_id=8\" \/>\n<meta property=\"og:locale\" content=\"en_US\" \/>\n<meta property=\"og:type\" content=\"article\" \/>\n<meta property=\"og:title\" content=\"Koszyk - Zarobkowy Insider\" \/>\n<meta property=\"og:url\" content=\"https:\/\/zarobkowyinsider.pl\/?page_id=8\" \/>\n<meta property=\"og:site_name\" content=\"Zarobkowy Insider\" \/>\n<meta property=\"article:modified_time\" content=\"2025-06-29T16:40:40+00:00\" \/>\n<meta name=\"twitter:card\" content=\"summary_large_image\" \/>\n<script type=\"application\/ld+json\" class=\"yoast-schema-graph\">{\"@context\":\"https:\\\/\\\/schema.org\",\"@graph\":[{\"@type\":\"WebPage\",\"@id\":\"https:\\\/\\\/zarobkowyinsider.pl\\\/?page_id=8\",\"url\":\"https:\\\/\\\/zarobkowyinsider.pl\\\/?page_id=8\",\"name\":\"Koszyk - Zarobkowy Insider\",\"isPartOf\":{\"@id\":\"https:\\\/\\\/zarobkowyinsider.pl\\\/#website\"},\"datePublished\":\"2025-06-29T10:50:37+00:00\",\"dateModified\":\"2025-06-29T16:40:40+00:00\",\"breadcrumb\":{\"@id\":\"https:\\\/\\\/zarobkowyinsider.pl\\\/?page_id=8#breadcrumb\"},\"inLanguage\":\"en-US\",\"potentialAction\":[{\"@type\":\"ReadAction\",\"target\":[\"https:\\\/\\\/zarobkowyinsider.pl\\\/?page_id=8\"]}]},{\"@type\":\"BreadcrumbList\",\"@id\":\"https:\\\/\\\/zarobkowyinsider.pl\\\/?page_id=8#breadcrumb\",\"itemListElement\":[{\"@type\":\"ListItem\",\"position\":1,\"name\":\"Strona g\u0142\u00f3wna\",\"item\":\"https:\\\/\\\/zarobkowyinsider.pl\\\/\"},{\"@type\":\"ListItem\",\"position\":2,\"name\":\"Koszyk\"}]},{\"@type\":\"WebSite\",\"@id\":\"https:\\\/\\\/zarobkowyinsider.pl\\\/#website\",\"url\":\"https:\\\/\\\/zarobkowyinsider.pl\\\/\",\"name\":\"Zarobkowy Insider\",\"description\":\"\",\"potentialAction\":[{\"@type\":\"SearchAction\",\"target\":{\"@type\":\"EntryPoint\",\"urlTemplate\":\"https:\\\/\\\/zarobkowyinsider.pl\\\/?s={search_term_string}\"},\"query-input\":{\"@type\":\"PropertyValueSpecification\",\"valueRequired\":true,\"valueName\":\"search_term_string\"}}],\"inLanguage\":\"en-US\"}]}<\/script>\n<!-- \/ Yoast SEO plugin. -->","yoast_head_json":{"title":"Koszyk - Zarobkowy Insider","robots":{"index":"index","follow":"follow","max-snippet":"max-snippet:-1","max-image-preview":"max-image-preview:large","max-video-preview":"max-video-preview:-1"},"canonical":"https:\/\/zarobkowyinsider.pl\/?page_id=8","og_locale":"en_US","og_type":"article","og_title":"Koszyk - Zarobkowy Insider","og_url":"https:\/\/zarobkowyinsider.pl\/?page_id=8","og_site_name":"Zarobkowy Insider","article_modified_time":"2025-06-29T16:40:40+00:00","twitter_card":"summary_large_image","schema":{"@context":"https:\/\/schema.org","@graph":[{"@type":"WebPage","@id":"https:\/\/zarobkowyinsider.pl\/?page_id=8","url":"https:\/\/zarobkowyinsider.pl\/?page_id=8","name":"Koszyk - Zarobkowy Insider","isPartOf":{"@id":"https:\/\/zarobkowyinsider.pl\/#website"},"datePublished":"2025-06-29T10:50:37+00:00","dateModified":"2025-06-29T16:40:40+00:00","breadcrumb":{"@id":"https:\/\/zarobkowyinsider.pl\/?page_id=8#breadcrumb"},"inLanguage":"en-US","potentialAction":[{"@type":"ReadAction","target":["https:\/\/zarobkowyinsider.pl\/?page_id=8"]}]},{"@type":"BreadcrumbList","@id":"https:\/\/zarobkowyinsider.pl\/?page_id=8#breadcrumb","itemListElement":[{"@type":"ListItem","position":1,"name":"Strona g\u0142\u00f3wna","item":"https:\/\/zarobkowyinsider.pl\/"},{"@type":"ListItem","position":2,"name":"Koszyk"}]},{"@type":"WebSite","@id":"https:\/\/zarobkowyinsider.pl\/#website","url":"https:\/\/zarobkowyinsider.pl\/","name":"Zarobkowy Insider","description":"","potentialAction":[{"@type":"SearchAction","target":{"@type":"EntryPoint","urlTemplate":"https:\/\/zarobkowyinsider.pl\/?s={search_term_string}"},"query-input":{"@type":"PropertyValueSpecification","valueRequired":true,"valueName":"search_term_string"}}],"inLanguage":"en-US"}]}},"_links":{"self":[{"href":"https:\/\/zarobkowyinsider.pl\/index.php?rest_route=\/wp\/v2\/pages\/8","targetHints":{"allow":["GET"]}}],"collection":[{"href":"https:\/\/zarobkowyinsider.pl\/index.php?rest_route=\/wp\/v2\/pages"}],"about":[{"href":"https:\/\/zarobkowyinsider.pl\/index.php?rest_route=\/wp\/v2\/types\/page"}],"author":[{"embeddable":true,"href":"https:\/\/zarobkowyinsider.pl\/index.php?rest_route=\/wp\/v2\/users\/1"}],"replies":[{"embeddable":true,"href":"https:\/\/zarobkowyinsider.pl\/index.php?rest_route=%2Fwp%2Fv2%2Fcomments&post=8"}],"version-history":[{"count":2,"href":"https:\/\/zarobkowyinsider.pl\/index.php?rest_route=\/wp\/v2\/pages\/8\/revisions"}],"predecessor-version":[{"id":124,"href":"https:\/\/zarobkowyinsider.pl\/index.php?rest_route=\/wp\/v2\/pages\/8\/revisions\/124"}],"wp:attachment":[{"href":"https:\/\/zarobkowyinsider.pl\/index.php?rest_route=%2Fwp%2Fv2%2Fmedia&parent=8"}],"curies":[{"name":"wp","href":"https:\/\/api.w.org\/{rel}","templated":true}]}}