{"id":70,"date":"2025-06-29T14:23:59","date_gmt":"2025-06-29T12:23:59","guid":{"rendered":"https:\/\/zarobkowyinsider.pl\/?page_id=70"},"modified":"2025-09-03T22:18:57","modified_gmt":"2025-09-03T20:18:57","slug":"kontakt","status":"publish","type":"page","link":"https:\/\/zarobkowyinsider.pl\/?page_id=70","title":{"rendered":"Porozmawiajmy,"},"content":{"rendered":"\n<p class=\"has-black-color has-text-color has-link-color wp-elements-b90f18fbc59fda5cea8512c6ecc5a1e1\"><\/p>\n\n\n\n<p class=\"has-black-color has-text-color has-link-color wp-elements-33cf10f9b34dcc80267d1f09d06ee50c\"><\/p>\n\n\n<div class='fluentform ff-default fluentform_wrapper_1 ffs_default_wrap'><form data-form_id=\"1\" id=\"fluentform_1\" class=\"frm-fluent-form fluent_form_1 ff-el-form-top ff_form_instance_1_1 ff-form-loading ffs_default\" data-form_instance=\"ff_form_instance_1_1\" method=\"POST\" ><fieldset  style=\"border: none!important;margin: 0!important;padding: 0!important;background-color: transparent!important;box-shadow: none!important;outline: none!important; min-inline-size: 100%;\">\n                    <legend class=\"ff_screen_reader_title\" style=\"display: block; margin: 0!important;padding: 0!important;height: 0!important;text-indent: -999999px;width: 0!important;overflow:hidden;\">Formularz kontakowy<\/legend><p style=\"display: none !important;\" class=\"akismet-fields-container\" data-prefix=\"ak_\"><label>&#916;<textarea name=\"ak_hp_textarea\" cols=\"45\" rows=\"8\" maxlength=\"100\"><\/textarea><\/label><input type=\"hidden\" id=\"ak_js_1\" name=\"ak_js\" value=\"205\"\/><script>document.getElementById( \"ak_js_1\" ).setAttribute( \"value\", ( new Date() ).getTime() );<\/script><\/p><input type='hidden' name='__fluent_form_embded_post_id' value='70' \/><input type=\"hidden\" id=\"_fluentform_1_fluentformnonce\" name=\"_fluentform_1_fluentformnonce\" value=\"b8461d84e9\" \/><input type=\"hidden\" name=\"_wp_http_referer\" value=\"\/index.php?rest_route=%2Fwp%2Fv2%2Fpages%2F70\" \/><div data-type=\"name-element\" data-name=\"names\" class=\" ff-field_container ff-name-field-wrapper\" ><div class='ff-t-container'><div class='ff-t-cell '><div class='ff-el-group'><div class=\"ff-el-input--label ff-el-is-required asterisk-right\"><label for='ff_1_names_first_name_' id='label_ff_1_names_first_name_' >Imi\u0119<\/label><\/div><div class='ff-el-input--content'><input type=\"text\" name=\"names[first_name]\" id=\"ff_1_names_first_name_\" class=\"ff-el-form-control\" placeholder=\"Wpisz swoje imi\u0119\" aria-invalid=\"false\" aria-required=true><\/div><\/div><\/div><\/div><\/div><div class='ff-el-group'><div class=\"ff-el-input--label ff-el-is-required asterisk-right\"><label for='ff_1_email' id='label_ff_1_email' aria-label=\"Email\">Email<\/label><\/div><div class='ff-el-input--content'><input type=\"email\" name=\"email\" id=\"ff_1_email\" class=\"ff-el-form-control\" placeholder=\"Wpisz sw\u00f3j adres e-mail\" data-name=\"email\"  aria-invalid=\"false\" aria-required=true><\/div><\/div><div class='ff-el-group'><div class=\"ff-el-input--label ff-el-is-required asterisk-right\"><label for='ff_1_subject' id='label_ff_1_subject' aria-label=\"Temat\">Temat<\/label><\/div><div class='ff-el-input--content'><input type=\"text\" name=\"subject\" class=\"ff-el-form-control\" placeholder=\"Wpisz temat wiadomo\u015bci\" data-name=\"subject\" id=\"ff_1_subject\"  aria-invalid=\"false\" aria-required=true><\/div><\/div><div class='ff-el-group'><div class=\"ff-el-input--label ff-el-is-required asterisk-right\"><label for='ff_1_message' id='label_ff_1_message' aria-label=\"Wiadomo\u015b\u0107\">Wiadomo\u015b\u0107<\/label><\/div><div class='ff-el-input--content'><textarea aria-required=\"true\" aria-labelledby=\"label_ff_1_message\" name=\"message\" id=\"ff_1_message\" class=\"ff-el-form-control\" placeholder=\"Napisz swoj\u0105 wiadomo\u015b\u0107\" rows=\"4\" cols=\"2\" data-name=\"message\" ><\/textarea><\/div><\/div><div class='ff-el-group ff-text-left ff_submit_btn_wrapper'><button type=\"submit\" class=\"ff-btn ff-btn-submit ff-btn-md ff_btn_style wpf_has_custom_css\"  aria-label=\"WY\u015aLIJ\">WY\u015aLIJ<\/button><\/div><\/fieldset><\/form><div id='fluentform_1_errors' class='ff-errors-in-stack ff_form_instance_1_1 ff-form-loading_errors ff_form_instance_1_1_errors'><\/div><\/div>            <script type=\"text\/javascript\">\n                window.fluent_form_ff_form_instance_1_1 = {\"id\":\"1\",\"ajaxUrl\":\"https:\\\/\\\/zarobkowyinsider.pl\\\/wp-admin\\\/admin-ajax.php\",\"settings\":{\"layout\":{\"labelPlacement\":\"top\",\"helpMessagePlacement\":\"with_label\",\"errorMessagePlacement\":\"inline\",\"cssClassName\":\"\",\"asteriskPlacement\":\"asterisk-right\"},\"restrictions\":{\"denyEmptySubmission\":{\"enabled\":false}}},\"form_instance\":\"ff_form_instance_1_1\",\"form_id_selector\":\"fluentform_1\",\"rules\":{\"names[first_name]\":{\"required\":{\"value\":true,\"message\":\"This field is required\",\"global\":false,\"global_message\":\"This field is required\"}},\"names[middle_name]\":{\"required\":{\"value\":false,\"message\":\"This field is required\",\"global\":false,\"global_message\":\"This field is required\"}},\"names[last_name]\":{\"required\":{\"value\":false,\"message\":\"This field is required\",\"global\":false,\"global_message\":\"This field is required\"}},\"email\":{\"required\":{\"value\":true,\"message\":\"This field is required\",\"global\":false,\"global_message\":\"This field is required\"},\"email\":{\"value\":true,\"message\":\"This field must contain a valid email\",\"global\":false,\"global_message\":\"This field must contain a valid email\"}},\"subject\":{\"required\":{\"value\":true,\"message\":\"This field is required\",\"global\":false,\"global_message\":\"This field is required\"}},\"message\":{\"required\":{\"value\":true,\"message\":\"This field is required\",\"global\":false,\"global_message\":\"This field is required\"}}},\"debounce_time\":300};\n                            <\/script>\n            \n\n\n\n<p>e-mail: zarobkowyinsider@proton.me<\/p>\n","protected":false},"excerpt":{"rendered":"<p>e-mail: zarobkowyinsider@proton.me<\/p>\n","protected":false},"author":1,"featured_media":0,"parent":0,"menu_order":0,"comment_status":"closed","ping_status":"closed","template":"","meta":{"footnotes":""},"class_list":["post-70","page","type-page","status-publish","hentry"],"blocksy_meta":[],"yoast_head":"<!-- This site is optimized with the Yoast SEO plugin v27.4 - https:\/\/yoast.com\/product\/yoast-seo-wordpress\/ -->\n<title>Porozmawiajmy, - Zarobkowy Insider<\/title>\n<meta name=\"robots\" content=\"index, follow, max-snippet:-1, max-image-preview:large, max-video-preview:-1\" \/>\n<link rel=\"canonical\" href=\"https:\/\/zarobkowyinsider.pl\/?page_id=70\" \/>\n<meta property=\"og:locale\" content=\"en_US\" \/>\n<meta property=\"og:type\" content=\"article\" \/>\n<meta property=\"og:title\" content=\"Porozmawiajmy, - Zarobkowy Insider\" \/>\n<meta property=\"og:description\" content=\"e-mail: zarobkowyinsider@proton.me\" \/>\n<meta property=\"og:url\" content=\"https:\/\/zarobkowyinsider.pl\/?page_id=70\" \/>\n<meta property=\"og:site_name\" content=\"Zarobkowy Insider\" \/>\n<meta property=\"article:modified_time\" content=\"2025-09-03T20:18:57+00:00\" \/>\n<meta name=\"twitter:card\" content=\"summary_large_image\" \/>\n<meta name=\"twitter:label1\" content=\"Est. reading time\" \/>\n\t<meta name=\"twitter:data1\" content=\"1 minute\" \/>\n<script type=\"application\/ld+json\" class=\"yoast-schema-graph\">{\"@context\":\"https:\\\/\\\/schema.org\",\"@graph\":[{\"@type\":\"WebPage\",\"@id\":\"https:\\\/\\\/zarobkowyinsider.pl\\\/?page_id=70\",\"url\":\"https:\\\/\\\/zarobkowyinsider.pl\\\/?page_id=70\",\"name\":\"Porozmawiajmy, - Zarobkowy Insider\",\"isPartOf\":{\"@id\":\"https:\\\/\\\/zarobkowyinsider.pl\\\/#website\"},\"datePublished\":\"2025-06-29T12:23:59+00:00\",\"dateModified\":\"2025-09-03T20:18:57+00:00\",\"breadcrumb\":{\"@id\":\"https:\\\/\\\/zarobkowyinsider.pl\\\/?page_id=70#breadcrumb\"},\"inLanguage\":\"en-US\",\"potentialAction\":[{\"@type\":\"ReadAction\",\"target\":[\"https:\\\/\\\/zarobkowyinsider.pl\\\/?page_id=70\"]}]},{\"@type\":\"BreadcrumbList\",\"@id\":\"https:\\\/\\\/zarobkowyinsider.pl\\\/?page_id=70#breadcrumb\",\"itemListElement\":[{\"@type\":\"ListItem\",\"position\":1,\"name\":\"Strona g\u0142\u00f3wna\",\"item\":\"https:\\\/\\\/zarobkowyinsider.pl\\\/\"},{\"@type\":\"ListItem\",\"position\":2,\"name\":\"Porozmawiajmy,\"}]},{\"@type\":\"WebSite\",\"@id\":\"https:\\\/\\\/zarobkowyinsider.pl\\\/#website\",\"url\":\"https:\\\/\\\/zarobkowyinsider.pl\\\/\",\"name\":\"Zarobkowy Insider\",\"description\":\"\",\"potentialAction\":[{\"@type\":\"SearchAction\",\"target\":{\"@type\":\"EntryPoint\",\"urlTemplate\":\"https:\\\/\\\/zarobkowyinsider.pl\\\/?s={search_term_string}\"},\"query-input\":{\"@type\":\"PropertyValueSpecification\",\"valueRequired\":true,\"valueName\":\"search_term_string\"}}],\"inLanguage\":\"en-US\"}]}<\/script>\n<!-- \/ Yoast SEO plugin. -->","yoast_head_json":{"title":"Porozmawiajmy, - Zarobkowy Insider","robots":{"index":"index","follow":"follow","max-snippet":"max-snippet:-1","max-image-preview":"max-image-preview:large","max-video-preview":"max-video-preview:-1"},"canonical":"https:\/\/zarobkowyinsider.pl\/?page_id=70","og_locale":"en_US","og_type":"article","og_title":"Porozmawiajmy, - Zarobkowy Insider","og_description":"e-mail: zarobkowyinsider@proton.me","og_url":"https:\/\/zarobkowyinsider.pl\/?page_id=70","og_site_name":"Zarobkowy Insider","article_modified_time":"2025-09-03T20:18:57+00:00","twitter_card":"summary_large_image","twitter_misc":{"Est. reading time":"1 minute"},"schema":{"@context":"https:\/\/schema.org","@graph":[{"@type":"WebPage","@id":"https:\/\/zarobkowyinsider.pl\/?page_id=70","url":"https:\/\/zarobkowyinsider.pl\/?page_id=70","name":"Porozmawiajmy, - Zarobkowy Insider","isPartOf":{"@id":"https:\/\/zarobkowyinsider.pl\/#website"},"datePublished":"2025-06-29T12:23:59+00:00","dateModified":"2025-09-03T20:18:57+00:00","breadcrumb":{"@id":"https:\/\/zarobkowyinsider.pl\/?page_id=70#breadcrumb"},"inLanguage":"en-US","potentialAction":[{"@type":"ReadAction","target":["https:\/\/zarobkowyinsider.pl\/?page_id=70"]}]},{"@type":"BreadcrumbList","@id":"https:\/\/zarobkowyinsider.pl\/?page_id=70#breadcrumb","itemListElement":[{"@type":"ListItem","position":1,"name":"Strona g\u0142\u00f3wna","item":"https:\/\/zarobkowyinsider.pl\/"},{"@type":"ListItem","position":2,"name":"Porozmawiajmy,"}]},{"@type":"WebSite","@id":"https:\/\/zarobkowyinsider.pl\/#website","url":"https:\/\/zarobkowyinsider.pl\/","name":"Zarobkowy Insider","description":"","potentialAction":[{"@type":"SearchAction","target":{"@type":"EntryPoint","urlTemplate":"https:\/\/zarobkowyinsider.pl\/?s={search_term_string}"},"query-input":{"@type":"PropertyValueSpecification","valueRequired":true,"valueName":"search_term_string"}}],"inLanguage":"en-US"}]}},"_links":{"self":[{"href":"https:\/\/zarobkowyinsider.pl\/index.php?rest_route=\/wp\/v2\/pages\/70","targetHints":{"allow":["GET"]}}],"collection":[{"href":"https:\/\/zarobkowyinsider.pl\/index.php?rest_route=\/wp\/v2\/pages"}],"about":[{"href":"https:\/\/zarobkowyinsider.pl\/index.php?rest_route=\/wp\/v2\/types\/page"}],"author":[{"embeddable":true,"href":"https:\/\/zarobkowyinsider.pl\/index.php?rest_route=\/wp\/v2\/users\/1"}],"replies":[{"embeddable":true,"href":"https:\/\/zarobkowyinsider.pl\/index.php?rest_route=%2Fwp%2Fv2%2Fcomments&post=70"}],"version-history":[{"count":5,"href":"https:\/\/zarobkowyinsider.pl\/index.php?rest_route=\/wp\/v2\/pages\/70\/revisions"}],"predecessor-version":[{"id":278,"href":"https:\/\/zarobkowyinsider.pl\/index.php?rest_route=\/wp\/v2\/pages\/70\/revisions\/278"}],"wp:attachment":[{"href":"https:\/\/zarobkowyinsider.pl\/index.php?rest_route=%2Fwp%2Fv2%2Fmedia&parent=70"}],"curies":[{"name":"wp","href":"https:\/\/api.w.org\/{rel}","templated":true}]}}