{"id":418,"date":"2025-11-22T21:54:55","date_gmt":"2025-11-22T20:54:55","guid":{"rendered":"https:\/\/zarobkowyinsider.pl\/?page_id=418"},"modified":"2025-11-22T22:53:46","modified_gmt":"2025-11-22T21:53:46","slug":"418-2","status":"publish","type":"page","link":"https:\/\/zarobkowyinsider.pl\/?page_id=418","title":{"rendered":"Polityka plik\u00f3w cookies"},"content":{"rendered":"\t\t<div data-elementor-type=\"wp-page\" data-elementor-id=\"418\" class=\"elementor elementor-418\">\n\t\t\t\t<div class=\"elementor-element elementor-element-6c9b691 e-flex e-con-boxed e-con e-parent\" data-id=\"6c9b691\" data-element_type=\"container\" data-e-type=\"container\">\n\t\t\t\t\t<div class=\"e-con-inner\">\n\t\t\t\t<div class=\"elementor-element elementor-element-746c3c9 elementor-widget elementor-widget-heading\" data-id=\"746c3c9\" data-element_type=\"widget\" data-e-type=\"widget\" data-widget_type=\"heading.default\">\n\t\t\t\t\t<h2 class=\"elementor-heading-title elementor-size-default\">Polityka plik\u00f3w cookies serwisu ZarobkowyInsider.pl<\/h2>\t\t\t\t<\/div>\n\t\t\t\t\t<\/div>\n\t\t\t\t<\/div>\n\t\t<div class=\"elementor-element elementor-element-71525ef e-flex e-con-boxed e-con e-parent\" data-id=\"71525ef\" data-element_type=\"container\" data-e-type=\"container\">\n\t\t\t\t\t<div class=\"e-con-inner\">\n\t\t\t\t<div class=\"elementor-element elementor-element-b019f87 elementor-widget elementor-widget-text-editor\" data-id=\"b019f87\" data-element_type=\"widget\" data-e-type=\"widget\" data-widget_type=\"text-editor.default\">\n\t\t\t\t\t\t\t\t\t<ol data-start=\"1847\" data-end=\"5967\">\n<li data-start=\"1847\" data-end=\"2223\">\n<p data-start=\"1850\" data-end=\"1876\"><strong data-start=\"1850\" data-end=\"1874\">Postanowienia og\u00f3lne<\/strong><\/p>\n<ol data-start=\"1880\" data-end=\"2223\">\n<li data-start=\"1880\" data-end=\"2053\">\n<p data-start=\"1883\" data-end=\"2053\">Niniejsza Polityka plik\u00f3w cookies okre\u015bla zasady korzystania z plik\u00f3w cookies na stronie internetowej prowadzonej pod adresem <a href=\"https:\/\/zarobkowyinsider.pl\/\"><strong data-start=\"2009\" data-end=\"2032\">zarobkowyinsider.pl<\/strong><\/a> (dalej: \u201eSerwis\u201d).<\/p>\n<\/li>\n<li data-start=\"2057\" data-end=\"2223\">\n<p data-start=\"2060\" data-end=\"2223\">Administratorem Serwisu oraz administratorem danych osobowych jest <strong data-start=\"2127\" data-end=\"2143\">Adam Olenicz<\/strong>, prowadz\u0105cy dzia\u0142alno\u015b\u0107 pod mark\u0105 \u201eZarobkowy Insider\u201d (dalej: \u201eAdministrator\u201d).<\/p>\n<\/li>\n<\/ol>\n<\/li>\n<li data-start=\"2225\" data-end=\"2602\">\n<p data-start=\"2228\" data-end=\"2256\"><strong data-start=\"2228\" data-end=\"2254\">Czym s\u0105 pliki cookies?<\/strong><\/p>\n<ol data-start=\"2260\" data-end=\"2602\">\n<li data-start=\"2260\" data-end=\"2396\">\n<p data-start=\"2263\" data-end=\"2396\">Pliki cookies (tzw. \u201eciasteczka\u201d) to niewielkie pliki tekstowe zapisywane w przegl\u0105darce u\u017cytkownika podczas korzystania z Serwisu.<\/p>\n<\/li>\n<li data-start=\"2400\" data-end=\"2602\">\n<p data-start=\"2403\" data-end=\"2602\">Cookies nie s\u0142u\u017c\u0105 identyfikacji u\u017cytkownika w spos\u00f3b bezpo\u015bredni, jednak mog\u0105 stanowi\u0107 dane osobowe w rozumieniu RODO, je\u015bli pozwalaj\u0105 na identyfikacj\u0119 u\u017cytkownika w po\u0142\u0105czeniu z innymi informacjami.<\/p>\n<\/li>\n<\/ol>\n<\/li>\n<li data-start=\"2604\" data-end=\"3940\">\n<p data-start=\"2607\" data-end=\"2721\"><strong data-start=\"2607\" data-end=\"2650\">Rodzaje wykorzystywanych plik\u00f3w cookies<\/strong><br data-start=\"2650\" data-end=\"2653\" \/>W Serwisie mog\u0105 by\u0107 stosowane nast\u0119puj\u0105ce rodzaje plik\u00f3w cookies:<\/p>\n<ol data-start=\"2726\" data-end=\"3940\">\n<li data-start=\"2726\" data-end=\"3148\">\n<p data-start=\"2729\" data-end=\"2813\"><strong data-start=\"2729\" data-end=\"2763\">Cookies niezb\u0119dne (techniczne)<\/strong> \u2013 umo\u017cliwiaj\u0105 prawid\u0142owe dzia\u0142anie strony, np.:<\/p>\n<ul data-start=\"2820\" data-end=\"3148\">\n<li data-start=\"2820\" data-end=\"2861\">\n<p data-start=\"2822\" data-end=\"2861\">zapami\u0119tywanie ustawie\u0144 przegl\u0105dania,<\/p>\n<\/li>\n<li data-start=\"2868\" data-end=\"2918\">\n<p data-start=\"2870\" data-end=\"2918\">obs\u0142ug\u0119 koszyka zam\u00f3wie\u0144 i procesu zakupowego,<\/p>\n<\/li>\n<li data-start=\"2925\" data-end=\"3148\">\n<p data-start=\"2927\" data-end=\"3148\">zapewnienie bezpiecze\u0144stwa i stabilno\u015bci dzia\u0142ania Serwisu.<br data-start=\"2986\" data-end=\"2989\" \/>Te cookies s\u0105 wykorzystywane na podstawie <strong data-start=\"3037\" data-end=\"3086\">prawnie uzasadnionego interesu Administratora<\/strong> (art. 6 ust. 1 lit. f RODO) i nie wymagaj\u0105 zgody u\u017cytkownika.<\/p>\n<\/li>\n<\/ul>\n<\/li>\n<li data-start=\"3153\" data-end=\"3581\">\n<p data-start=\"3156\" data-end=\"3245\"><strong data-start=\"3156\" data-end=\"3192\">Cookies analityczne\/statystyczne<\/strong> (je\u015bli w przysz\u0142o\u015bci dodasz np. Google Analytics):<\/p>\n<ul data-start=\"3252\" data-end=\"3581\">\n<li data-start=\"3252\" data-end=\"3395\">\n<p data-start=\"3254\" data-end=\"3395\">s\u0142u\u017c\u0105 do zbierania anonimowych informacji o sposobie korzystania z Serwisu (liczba odwiedzin, \u017ar\u00f3d\u0142a ruchu, czas sp\u0119dzony na stronie itp.),<\/p>\n<\/li>\n<li data-start=\"3402\" data-end=\"3581\">\n<p data-start=\"3404\" data-end=\"3581\">pomagaj\u0105 ulepsza\u0107 tre\u015bci i funkcjonalno\u015bci.<br data-start=\"3447\" data-end=\"3450\" \/>Te cookies s\u0105 wykorzystywane na podstawie <strong data-start=\"3498\" data-end=\"3519\">zgody u\u017cytkownika<\/strong> (art. 6 ust. 1 lit. a RODO), wyra\u017canej poprzez baner cookies.<\/p>\n<\/li>\n<\/ul>\n<\/li>\n<li data-start=\"3586\" data-end=\"3940\">\n<p data-start=\"3589\" data-end=\"3692\"><strong data-start=\"3589\" data-end=\"3623\">Cookies marketingowe\/reklamowe<\/strong> (np. piksel Facebooka, TikTok Pixel \u2013 je\u015bli w przysz\u0142o\u015bci dodasz):<\/p>\n<ul data-start=\"3699\" data-end=\"3940\">\n<li data-start=\"3699\" data-end=\"3788\">\n<p data-start=\"3701\" data-end=\"3788\">umo\u017cliwiaj\u0105 wy\u015bwietlanie dopasowanych reklam i prowadzenie kampanii remarketingowych,<\/p>\n<\/li>\n<li data-start=\"3795\" data-end=\"3940\">\n<p data-start=\"3797\" data-end=\"3940\">mog\u0105 by\u0107 instalowane przez zewn\u0119trznych partner\u00f3w reklamowych.<br data-start=\"3859\" data-end=\"3862\" \/>Te cookies r\u00f3wnie\u017c s\u0105 wykorzystywane na podstawie <strong data-start=\"3918\" data-end=\"3939\">zgody u\u017cytkownika<\/strong>.<\/p>\n<\/li>\n<\/ul>\n<\/li>\n<\/ol>\n<\/li>\n<li data-start=\"3942\" data-end=\"4276\">\n<p data-start=\"3945\" data-end=\"3977\"><strong data-start=\"3945\" data-end=\"3975\">Cookies podmiot\u00f3w trzecich<\/strong><\/p>\n<ol data-start=\"3981\" data-end=\"4276\">\n<li data-start=\"3981\" data-end=\"4123\">\n<p data-start=\"3984\" data-end=\"4123\">W Serwisie mog\u0105 by\u0107 stosowane pliki cookies pochodz\u0105ce od dostawc\u00f3w zewn\u0119trznych (np. dostawc\u00f3w narz\u0119dzi statystycznych lub reklamowych).<\/p>\n<\/li>\n<li data-start=\"4127\" data-end=\"4276\">\n<p data-start=\"4130\" data-end=\"4276\">Szczeg\u00f3\u0142owe informacje o przetwarzaniu danych przez tych dostawc\u00f3w znajduj\u0105 si\u0119 w ich politykach prywatno\u015bci (np. Google, Meta Platforms, TikTok).<\/p>\n<\/li>\n<\/ol>\n<\/li>\n<li data-start=\"4278\" data-end=\"4561\">\n<p data-start=\"4281\" data-end=\"4322\"><strong data-start=\"4281\" data-end=\"4320\">Okres przechowywania plik\u00f3w cookies<\/strong><\/p>\n<ol data-start=\"4326\" data-end=\"4561\">\n<li data-start=\"4326\" data-end=\"4403\">\n<p data-start=\"4329\" data-end=\"4403\">Cookies <strong data-start=\"4337\" data-end=\"4348\">sesyjne<\/strong> \u2013 przechowywane s\u0105 do czasu zamkni\u0119cia przegl\u0105darki.<\/p>\n<\/li>\n<li data-start=\"4407\" data-end=\"4561\">\n<p data-start=\"4410\" data-end=\"4561\">Cookies <strong data-start=\"4418\" data-end=\"4427\">sta\u0142e<\/strong> \u2013 przechowywane s\u0105 przez czas okre\u015blony w ich parametrach lub do momentu ich usuni\u0119cia przez u\u017cytkownika w ustawieniach przegl\u0105darki.<\/p>\n<\/li>\n<\/ol>\n<\/li>\n<li data-start=\"4563\" data-end=\"5183\">\n<p data-start=\"4566\" data-end=\"4599\"><strong data-start=\"4566\" data-end=\"4597\">Zarz\u0105dzanie plikami cookies<\/strong><\/p>\n<ol data-start=\"4603\" data-end=\"5183\">\n<li data-start=\"4603\" data-end=\"4886\">\n<p data-start=\"4606\" data-end=\"4699\">U\u017cytkownik mo\u017ce w ka\u017cdej chwili zmieni\u0107 swoje preferencje dotycz\u0105ce plik\u00f3w cookies poprzez:<\/p>\n<ul data-start=\"4706\" data-end=\"4886\">\n<li data-start=\"4706\" data-end=\"4783\">\n<p data-start=\"4708\" data-end=\"4783\">skorzystanie z <strong data-start=\"4723\" data-end=\"4758\">banera\/okna zarz\u0105dzania cookies<\/strong> dost\u0119pnego w Serwisie,<\/p>\n<\/li>\n<li data-start=\"4790\" data-end=\"4886\">\n<p data-start=\"4792\" data-end=\"4886\">zmian\u0119 ustawie\u0144 przegl\u0105darki internetowej (blokowanie cookies, usuni\u0119cie zapisanych plik\u00f3w).<\/p>\n<\/li>\n<\/ul>\n<\/li>\n<li data-start=\"4890\" data-end=\"5072\">\n<p data-start=\"4893\" data-end=\"4980\">Popularne przegl\u0105darki umo\u017cliwiaj\u0105 zarz\u0105dzanie plikami cookies w swoich ustawieniach:<\/p>\n<ul data-start=\"4987\" data-end=\"5072\">\n<li data-start=\"4987\" data-end=\"5004\">\n<p data-start=\"4989\" data-end=\"5004\">Google Chrome<\/p>\n<\/li>\n<li data-start=\"5011\" data-end=\"5030\">\n<p data-start=\"5013\" data-end=\"5030\">Mozilla Firefox<\/p>\n<\/li>\n<li data-start=\"5037\" data-end=\"5055\">\n<p data-start=\"5039\" data-end=\"5055\">Microsoft Edge<\/p>\n<\/li>\n<li data-start=\"5062\" data-end=\"5072\">\n<p data-start=\"5064\" data-end=\"5072\">Safari<\/p>\n<\/li>\n<\/ul>\n<\/li>\n<li data-start=\"5076\" data-end=\"5183\">\n<p data-start=\"5079\" data-end=\"5183\">Ograniczenie stosowania plik\u00f3w cookies mo\u017ce wp\u0142yn\u0105\u0107 na niekt\u00f3re funkcje Serwisu (np. dzia\u0142anie koszyka).<\/p>\n<\/li>\n<\/ol>\n<\/li>\n<li data-start=\"5185\" data-end=\"5544\">\n<p data-start=\"5188\" data-end=\"5228\"><strong data-start=\"5188\" data-end=\"5226\">Podstawa prawna stosowania cookies<\/strong><\/p>\n<ol data-start=\"5232\" data-end=\"5544\">\n<li data-start=\"5232\" data-end=\"5414\">\n<p data-start=\"5235\" data-end=\"5414\">W zakresie cookies niezb\u0119dnych \u2013 podstaw\u0105 prawn\u0105 jest <strong data-start=\"5289\" data-end=\"5335\">prawnie uzasadniony interes Administratora<\/strong> (art. 6 ust. 1 lit. f RODO w zw. z art. 173 ustawy Prawo telekomunikacyjne).<\/p>\n<\/li>\n<li data-start=\"5418\" data-end=\"5544\">\n<p data-start=\"5421\" data-end=\"5544\">W zakresie cookies analitycznych i marketingowych \u2013 podstaw\u0105 prawn\u0105 jest <strong data-start=\"5494\" data-end=\"5515\">zgoda u\u017cytkownika<\/strong> (art. 6 ust. 1 lit. a RODO).<\/p>\n<\/li>\n<\/ol>\n<\/li>\n<li data-start=\"5546\" data-end=\"5967\">\n<p data-start=\"5549\" data-end=\"5585\"><strong data-start=\"5549\" data-end=\"5583\">Zmiany Polityki plik\u00f3w cookies<\/strong><\/p>\n<ol data-start=\"5589\" data-end=\"5967\">\n<li data-start=\"5589\" data-end=\"5839\">\n<p data-start=\"5592\" data-end=\"5693\">Administrator zastrzega sobie prawo do wprowadzania zmian w niniejszej Polityce, m.in. w przypadku:<\/p>\n<ul data-start=\"5700\" data-end=\"5839\">\n<li data-start=\"5700\" data-end=\"5727\">\n<p data-start=\"5702\" data-end=\"5727\">zmiany przepis\u00f3w prawa,<\/p>\n<\/li>\n<li data-start=\"5734\" data-end=\"5797\">\n<p data-start=\"5736\" data-end=\"5797\">wdro\u017cenia nowych narz\u0119dzi analitycznych lub marketingowych,<\/p>\n<\/li>\n<li data-start=\"5804\" data-end=\"5839\">\n<p data-start=\"5806\" data-end=\"5839\">zmian w funkcjonowaniu Serwisu.<\/p>\n<\/li>\n<\/ul>\n<\/li>\n<li data-start=\"5843\" data-end=\"5967\">\n<p data-start=\"5846\" data-end=\"5967\">Aktualna wersja Polityki jest zawsze dost\u0119pna na stronie <strong data-start=\"5903\" data-end=\"5926\">zarobkowyinsider.pl<\/strong> na podstronie \u201ePolityka plik\u00f3w cookies\u201d.<\/p>\n<\/li>\n<\/ol>\n<\/li>\n<\/ol>\n<blockquote data-start=\"6018\" data-end=\"6053\">\n<p data-start=\"6020\" data-end=\"6053\">Ostatnia aktualizacja: <b>22.11.2025r.<\/b><\/p>\n<\/blockquote>\t\t\t\t\t\t\t\t<\/div>\n\t\t\t\t\t<\/div>\n\t\t\t\t<\/div>\n\t\t\t\t<\/div>\n\t\t","protected":false},"excerpt":{"rendered":"<p>Polityka plik\u00f3w cookies serwisu ZarobkowyInsider.pl Postanowienia og\u00f3lne Niniejsza Polityka plik\u00f3w cookies okre\u015bla zasady korzystania z plik\u00f3w cookies na stronie internetowej prowadzonej pod adresem zarobkowyinsider.pl (dalej: \u201eSerwis\u201d). Administratorem Serwisu oraz administratorem danych osobowych jest Adam Olenicz, prowadz\u0105cy dzia\u0142alno\u015b\u0107 pod mark\u0105 \u201eZarobkowy Insider\u201d (dalej: \u201eAdministrator\u201d). Czym s\u0105 pliki cookies? Pliki cookies (tzw. \u201eciasteczka\u201d) to niewielkie pliki tekstowe [&hellip;]<\/p>\n","protected":false},"author":1,"featured_media":0,"parent":0,"menu_order":0,"comment_status":"closed","ping_status":"closed","template":"","meta":{"footnotes":""},"class_list":["post-418","page","type-page","status-publish","hentry"],"blocksy_meta":[],"yoast_head":"<!-- This site is optimized with the Yoast SEO plugin v27.4 - https:\/\/yoast.com\/product\/yoast-seo-wordpress\/ -->\n<title>Polityka plik\u00f3w cookies - Zarobkowy Insider<\/title>\n<meta name=\"robots\" content=\"index, follow, max-snippet:-1, max-image-preview:large, max-video-preview:-1\" \/>\n<link rel=\"canonical\" href=\"https:\/\/zarobkowyinsider.pl\/?page_id=418\" \/>\n<meta property=\"og:locale\" content=\"en_US\" \/>\n<meta property=\"og:type\" content=\"article\" \/>\n<meta property=\"og:title\" content=\"Polityka plik\u00f3w cookies - Zarobkowy Insider\" \/>\n<meta property=\"og:description\" content=\"Polityka plik\u00f3w cookies serwisu ZarobkowyInsider.pl Postanowienia og\u00f3lne Niniejsza Polityka plik\u00f3w cookies okre\u015bla zasady korzystania z plik\u00f3w cookies na stronie internetowej prowadzonej pod adresem zarobkowyinsider.pl (dalej: \u201eSerwis\u201d). Administratorem Serwisu oraz administratorem danych osobowych jest Adam Olenicz, prowadz\u0105cy dzia\u0142alno\u015b\u0107 pod mark\u0105 \u201eZarobkowy Insider\u201d (dalej: \u201eAdministrator\u201d). Czym s\u0105 pliki cookies? Pliki cookies (tzw. \u201eciasteczka\u201d) to niewielkie pliki tekstowe [&hellip;]\" \/>\n<meta property=\"og:url\" content=\"https:\/\/zarobkowyinsider.pl\/?page_id=418\" \/>\n<meta property=\"og:site_name\" content=\"Zarobkowy Insider\" \/>\n<meta property=\"article:modified_time\" content=\"2025-11-22T21:53:46+00:00\" \/>\n<meta name=\"twitter:card\" content=\"summary_large_image\" \/>\n<meta name=\"twitter:label1\" content=\"Est. reading time\" \/>\n\t<meta name=\"twitter:data1\" content=\"3 minutes\" \/>\n<script type=\"application\/ld+json\" class=\"yoast-schema-graph\">{\"@context\":\"https:\\\/\\\/schema.org\",\"@graph\":[{\"@type\":\"WebPage\",\"@id\":\"https:\\\/\\\/zarobkowyinsider.pl\\\/?page_id=418\",\"url\":\"https:\\\/\\\/zarobkowyinsider.pl\\\/?page_id=418\",\"name\":\"Polityka plik\u00f3w cookies - Zarobkowy Insider\",\"isPartOf\":{\"@id\":\"https:\\\/\\\/zarobkowyinsider.pl\\\/#website\"},\"datePublished\":\"2025-11-22T20:54:55+00:00\",\"dateModified\":\"2025-11-22T21:53:46+00:00\",\"breadcrumb\":{\"@id\":\"https:\\\/\\\/zarobkowyinsider.pl\\\/?page_id=418#breadcrumb\"},\"inLanguage\":\"en-US\",\"potentialAction\":[{\"@type\":\"ReadAction\",\"target\":[\"https:\\\/\\\/zarobkowyinsider.pl\\\/?page_id=418\"]}]},{\"@type\":\"BreadcrumbList\",\"@id\":\"https:\\\/\\\/zarobkowyinsider.pl\\\/?page_id=418#breadcrumb\",\"itemListElement\":[{\"@type\":\"ListItem\",\"position\":1,\"name\":\"Strona g\u0142\u00f3wna\",\"item\":\"https:\\\/\\\/zarobkowyinsider.pl\\\/\"},{\"@type\":\"ListItem\",\"position\":2,\"name\":\"Polityka plik\u00f3w cookies\"}]},{\"@type\":\"WebSite\",\"@id\":\"https:\\\/\\\/zarobkowyinsider.pl\\\/#website\",\"url\":\"https:\\\/\\\/zarobkowyinsider.pl\\\/\",\"name\":\"Zarobkowy Insider\",\"description\":\"\",\"potentialAction\":[{\"@type\":\"SearchAction\",\"target\":{\"@type\":\"EntryPoint\",\"urlTemplate\":\"https:\\\/\\\/zarobkowyinsider.pl\\\/?s={search_term_string}\"},\"query-input\":{\"@type\":\"PropertyValueSpecification\",\"valueRequired\":true,\"valueName\":\"search_term_string\"}}],\"inLanguage\":\"en-US\"}]}<\/script>\n<!-- \/ Yoast SEO plugin. -->","yoast_head_json":{"title":"Polityka plik\u00f3w cookies - Zarobkowy Insider","robots":{"index":"index","follow":"follow","max-snippet":"max-snippet:-1","max-image-preview":"max-image-preview:large","max-video-preview":"max-video-preview:-1"},"canonical":"https:\/\/zarobkowyinsider.pl\/?page_id=418","og_locale":"en_US","og_type":"article","og_title":"Polityka plik\u00f3w cookies - Zarobkowy Insider","og_description":"Polityka plik\u00f3w cookies serwisu ZarobkowyInsider.pl Postanowienia og\u00f3lne Niniejsza Polityka plik\u00f3w cookies okre\u015bla zasady korzystania z plik\u00f3w cookies na stronie internetowej prowadzonej pod adresem zarobkowyinsider.pl (dalej: \u201eSerwis\u201d). Administratorem Serwisu oraz administratorem danych osobowych jest Adam Olenicz, prowadz\u0105cy dzia\u0142alno\u015b\u0107 pod mark\u0105 \u201eZarobkowy Insider\u201d (dalej: \u201eAdministrator\u201d). Czym s\u0105 pliki cookies? Pliki cookies (tzw. \u201eciasteczka\u201d) to niewielkie pliki tekstowe [&hellip;]","og_url":"https:\/\/zarobkowyinsider.pl\/?page_id=418","og_site_name":"Zarobkowy Insider","article_modified_time":"2025-11-22T21:53:46+00:00","twitter_card":"summary_large_image","twitter_misc":{"Est. reading time":"3 minutes"},"schema":{"@context":"https:\/\/schema.org","@graph":[{"@type":"WebPage","@id":"https:\/\/zarobkowyinsider.pl\/?page_id=418","url":"https:\/\/zarobkowyinsider.pl\/?page_id=418","name":"Polityka plik\u00f3w cookies - Zarobkowy Insider","isPartOf":{"@id":"https:\/\/zarobkowyinsider.pl\/#website"},"datePublished":"2025-11-22T20:54:55+00:00","dateModified":"2025-11-22T21:53:46+00:00","breadcrumb":{"@id":"https:\/\/zarobkowyinsider.pl\/?page_id=418#breadcrumb"},"inLanguage":"en-US","potentialAction":[{"@type":"ReadAction","target":["https:\/\/zarobkowyinsider.pl\/?page_id=418"]}]},{"@type":"BreadcrumbList","@id":"https:\/\/zarobkowyinsider.pl\/?page_id=418#breadcrumb","itemListElement":[{"@type":"ListItem","position":1,"name":"Strona g\u0142\u00f3wna","item":"https:\/\/zarobkowyinsider.pl\/"},{"@type":"ListItem","position":2,"name":"Polityka plik\u00f3w cookies"}]},{"@type":"WebSite","@id":"https:\/\/zarobkowyinsider.pl\/#website","url":"https:\/\/zarobkowyinsider.pl\/","name":"Zarobkowy Insider","description":"","potentialAction":[{"@type":"SearchAction","target":{"@type":"EntryPoint","urlTemplate":"https:\/\/zarobkowyinsider.pl\/?s={search_term_string}"},"query-input":{"@type":"PropertyValueSpecification","valueRequired":true,"valueName":"search_term_string"}}],"inLanguage":"en-US"}]}},"_links":{"self":[{"href":"https:\/\/zarobkowyinsider.pl\/index.php?rest_route=\/wp\/v2\/pages\/418","targetHints":{"allow":["GET"]}}],"collection":[{"href":"https:\/\/zarobkowyinsider.pl\/index.php?rest_route=\/wp\/v2\/pages"}],"about":[{"href":"https:\/\/zarobkowyinsider.pl\/index.php?rest_route=\/wp\/v2\/types\/page"}],"author":[{"embeddable":true,"href":"https:\/\/zarobkowyinsider.pl\/index.php?rest_route=\/wp\/v2\/users\/1"}],"replies":[{"embeddable":true,"href":"https:\/\/zarobkowyinsider.pl\/index.php?rest_route=%2Fwp%2Fv2%2Fcomments&post=418"}],"version-history":[{"count":5,"href":"https:\/\/zarobkowyinsider.pl\/index.php?rest_route=\/wp\/v2\/pages\/418\/revisions"}],"predecessor-version":[{"id":425,"href":"https:\/\/zarobkowyinsider.pl\/index.php?rest_route=\/wp\/v2\/pages\/418\/revisions\/425"}],"wp:attachment":[{"href":"https:\/\/zarobkowyinsider.pl\/index.php?rest_route=%2Fwp%2Fv2%2Fmedia&parent=418"}],"curies":[{"name":"wp","href":"https:\/\/api.w.org\/{rel}","templated":true}]}}