{"id":3,"date":"2025-06-29T12:41:28","date_gmt":"2025-06-29T10:41:28","guid":{"rendered":"https:\/\/zarobkowyinsider.pl\/?page_id=3"},"modified":"2025-09-01T16:16:24","modified_gmt":"2025-09-01T14:16:24","slug":"polityka-prywatnosci","status":"publish","type":"page","link":"https:\/\/zarobkowyinsider.pl\/?page_id=3","title":{"rendered":"Polityka prywatno\u015bci"},"content":{"rendered":"\n<h2 class=\"wp-block-heading has-black-color has-text-color has-link-color wp-elements-a002ff45fbb1fcfe3b01b1c8d6880c3c\" style=\"font-size:clamp(20px, 1.25rem + ((1vw - 3.2px) * 0.938), 32px);\">Zarobkowy Insider Adam Olenicz<\/h2>\n\n\n\n<p class=\"has-black-color has-text-color has-link-color wp-elements-e25b3bdf452fdbe9f7f7e28aaf4aea3a\"><strong class=\"privacy-policy-tutorial\"> <\/strong><strong>Adres strony internetowej to:<\/strong> <a href=\"https:\/\/zarobkowyinsider.pl\">zarobkowyinsider.pl<\/a><\/p>\n\n\n\n<h2 class=\"wp-block-heading has-black-color has-text-color has-link-color wp-elements-1a9f1a10330ffb1eca15ffd09e8e2bd8\">1. Administrator danych<\/h2>\n\n\n\n<p class=\"has-black-color has-text-color has-link-color wp-elements-1a7dd37c757c7e575c203b3e7a4765f7\">Administratorem danych osobowych jest Zarobkowy Insider &#8211; Adam Olenicz, dzia\u0142aj\u0105cy pod adresem Herweghstrasse 20, 39114 Magdeburg, e-mail: zarobkowyinsider@proton.me.<\/p>\n\n\n\n<h2 class=\"wp-block-heading has-black-color has-text-color has-link-color wp-elements-b861ea741860126a5a135ed8c9eb047c\">2. Zakres zbieranych danych<\/h2>\n\n\n\n<p class=\"has-black-color has-text-color has-link-color wp-elements-3d1d3b9dfd925902a12d2ff7f0fd4b76\">Zbieramy wy\u0142\u0105cznie dane niezb\u0119dne do: <\/p>\n\n\n\n<p class=\"has-black-color has-text-color has-link-color wp-elements-40695ca832c7b7c3ea8df51ef2bff47b\">\u2022 realizacji zam\u00f3wie\u0144 (imi\u0119, nazwisko, adres dostawy, adres e-mail, numer telefonu), <\/p>\n\n\n\n<p class=\"has-black-color has-text-color has-link-color wp-elements-db05f24f0d5243e4d91b7d59687fd36c\">\u2022 obs\u0142ugi zapyta\u0144 przesy\u0142anych przez formularz kontaktowy, <\/p>\n\n\n\n<p class=\"has-black-color has-text-color has-link-color wp-elements-817dc2adbf0c918db1ac778e004cbcc5\">\u2022 wysy\u0142ki newslettera (za zgod\u0105 u\u017cytkownika).<\/p>\n\n\n\n<h2 class=\"wp-block-heading has-black-color has-text-color has-link-color wp-elements-318a81393219df8fa075b234544da167\">3. Cele przetwarzania danych<\/h2>\n\n\n\n<p class=\"has-black-color has-text-color has-link-color wp-elements-ba2f75892ae7014102490c1a0886e75d\">Twoje dane wykorzystujemy wy\u0142\u0105cznie w celach: <\/p>\n\n\n\n<p class=\"has-black-color has-text-color has-link-color wp-elements-6659a77ff55dfaed9991caeac155208e\">\u2022 realizacji umowy sprzeda\u017cy produkt\u00f3w, <\/p>\n\n\n\n<p class=\"has-black-color has-text-color has-link-color wp-elements-26e814fde9a1376f9833a2cf1c323ad5\">\u2022 obs\u0142ugi zapyta\u0144, <\/p>\n\n\n\n<p class=\"has-black-color has-text-color has-link-color wp-elements-f5f1f582957d6453eddc6cb08ec456e0\">\u2022 przesy\u0142ania informacji marketingowych (je\u015bli wyrazisz na to zgod\u0119),<\/p>\n\n\n\n<p class=\"has-black-color has-text-color has-link-color wp-elements-f91f56b136d6600a9a5113cf9b138fbb\"> \u2022 spe\u0142nienia obowi\u0105zk\u00f3w prawnych (np. fakturowania).<\/p>\n\n\n\n<h2 class=\"wp-block-heading has-black-color has-text-color has-link-color wp-elements-305bcb12fec8757b087181dd11465379\">4. Podstawa prawna przetwarzania<\/h2>\n\n\n\n<p class=\"has-black-color has-text-color has-link-color wp-elements-0c81b56e0ec71f637a90e26b026e2d88\">Przetwarzanie danych odbywa si\u0119 zgodnie z RODO, na podstawie: <\/p>\n\n\n\n<p class=\"has-black-color has-text-color has-link-color wp-elements-1f317470e84e423f54ab279bb9292852\">\u2022 art. 6 ust. 1 lit. b RODO (realizacja umowy), <\/p>\n\n\n\n<p class=\"has-black-color has-text-color has-link-color wp-elements-864f90239881ca4beef004776d5c2504\">\u2022 art. 6 ust. 1 lit. c RODO (obowi\u0105zki prawne), <\/p>\n\n\n\n<p class=\"has-black-color has-text-color has-link-color wp-elements-132d294c57ddf4b690141a4bada29d9c\">\u2022 art. 6 ust. 1 lit. a RODO (zgoda, np. na newsletter).<\/p>\n\n\n\n<h2 class=\"wp-block-heading has-black-color has-text-color has-link-color wp-elements-1057d0126b16ccb45d66d958430d7748\">5. Odbiorcy danych<\/h2>\n\n\n\n<p class=\"has-black-color has-text-color has-link-color wp-elements-664cfb9684cfb4dc64946ee76f6aa1c5\">Dane mog\u0105 by\u0107 przekazywane wy\u0142\u0105cznie podmiotom obs\u0142uguj\u0105cym: <\/p>\n\n\n\n<p class=\"has-black-color has-text-color has-link-color wp-elements-57c814c35de984b23bb5aa7eec49a10c\">\u2022 p\u0142atno\u015bci (np. Stripe, PayPal), <\/p>\n\n\n\n<p class=\"has-black-color has-text-color has-link-color wp-elements-c0ae023936d075ce38d1da55c2867fcb\">\u2022 firmom kurierskim, <\/p>\n\n\n\n<p class=\"has-black-color has-text-color has-link-color wp-elements-f00846ee52efbe6f6cb5493b321f2e8a\">\u2022 biuru rachunkowemu (w zakresie ksi\u0119gowo\u015bci), <\/p>\n\n\n\n<p class=\"has-black-color has-text-color has-link-color wp-elements-9b2f61f01c13424598cb017531b674ca\">\u2022 firmom hostingowym, kt\u00f3re utrzymuj\u0105 sklep. Nigdy nie sprzedajemy Twoich danych dalej.<\/p>\n\n\n\n<h2 class=\"wp-block-heading has-black-color has-text-color has-link-color wp-elements-cf0a2276b6249a3109267f71856fa907\">6. Okres przechowywania danych<\/h2>\n\n\n\n<p class=\"has-black-color has-text-color has-link-color wp-elements-5fef9f968ddecc1f749263a744a0077d\">\u2022 dane zwi\u0105zane z zam\u00f3wieniami \u2014 do momentu wyga\u015bni\u0119cia obowi\u0105zk\u00f3w podatkowych (co najmniej 5 lat), <\/p>\n\n\n\n<p class=\"has-black-color has-text-color has-link-color wp-elements-7245ce872bbf6d0edd98329d70a05095\">\u2022 dane marketingowe \u2014 do momentu cofni\u0119cia zgody.<\/p>\n\n\n\n<h2 class=\"wp-block-heading has-black-color has-text-color has-link-color wp-elements-c771c3983861357eb3e02ae1e504f938\">7. Prawa u\u017cytkownika<\/h2>\n\n\n\n<p class=\"has-black-color has-text-color has-link-color wp-elements-c5180d54fbbb8da69358f12834d7c812\"><strong>Masz prawo do<\/strong>: <\/p>\n\n\n\n<p class=\"has-black-color has-text-color has-link-color wp-elements-61a54a4dac10f01067830025d398c994\">\u2022 dost\u0119pu do swoich danych, <\/p>\n\n\n\n<p class=\"has-black-color has-text-color has-link-color wp-elements-124820dc7a9b819f864f69b32d031e5b\">\u2022 sprostowania,<\/p>\n\n\n\n<p class=\"has-black-color has-text-color has-link-color wp-elements-d48d0ce6a516276ac48282389aedca03\"> \u2022 ograniczenia przetwarzania, <\/p>\n\n\n\n<p class=\"has-black-color has-text-color has-link-color wp-elements-33f9cc40ea7cb7ba1efb8bf65b21d415\">\u2022 przeniesienia danych, <\/p>\n\n\n\n<p class=\"has-black-color has-text-color has-link-color wp-elements-767b5f0dd158e145f44f697b93e900ca\">\u2022 sprzeciwu, <\/p>\n\n\n\n<p class=\"has-black-color has-text-color has-link-color wp-elements-ed807f61002c84d66e9e11228e840c91\">\u2022 usuni\u0119cia danych. <\/p>\n\n\n\n<p class=\"has-black-color has-text-color has-link-color wp-elements-82c808c73193e0bda54a77d855d0aa62\">W ka\u017cdej chwili mo\u017cesz wycofa\u0107 zgod\u0119 na przetwarzanie danych kontaktuj\u0105c si\u0119 z nami pod adresem: zarobkowyinsider@proton.me.<\/p>\n\n\n\n<h2 class=\"wp-block-heading has-black-color has-text-color has-link-color wp-elements-f21ebf7f2f0654930033b897f59f0466\">8. Pliki cookies<\/h2>\n\n\n\n<p class=\"has-black-color has-text-color has-link-color wp-elements-b6a02dbef84082e3adcc5cda2a0172fd\">Strona wykorzystuje pliki cookies w celu: <\/p>\n\n\n\n<p class=\"has-black-color has-text-color has-link-color wp-elements-3048dc68124e74b4ccf8ef219e4d522d\">\u2022 prawid\u0142owego dzia\u0142ania sklepu, <\/p>\n\n\n\n<p class=\"has-black-color has-text-color has-link-color wp-elements-c0ab5c632d58a65b28069f49b7c13814\">\u2022 analiz ruchu na stronie (np. Google Analytics), <\/p>\n\n\n\n<p class=\"has-black-color has-text-color has-link-color wp-elements-ff9f13309d23981b390d6d3310b698f8\">\u2022 obs\u0142ugi p\u0142atno\u015bci. <\/p>\n\n\n\n<p class=\"has-black-color has-text-color has-link-color wp-elements-4aa3789072ff08e9fe479f6db4fddfd9\">Mo\u017cesz zmieni\u0107 ustawienia cookies w swojej przegl\u0105darce.<\/p>\n\n\n\n<h2 class=\"wp-block-heading has-black-color has-text-color has-link-color wp-elements-6a90d49dfea9db585a58055150f90e58\">9. Zmiany polityki prywatno\u015bci<\/h2>\n\n\n\n<p class=\"has-black-color has-text-color has-link-color wp-elements-5987b93589ae9555aeb5e4dfe9ee0e6d\">Zastrzegamy mo\u017cliwo\u015b\u0107 aktualizacji niniejszej polityki, o czym poinformujemy na stronie.<\/p>\n\n\n\n<p class=\"has-black-color has-text-color has-link-color wp-elements-15f98507118f2c0e3524cfdb3a045812\"><\/p>\n\n\n\n<p><\/p>\n","protected":false},"excerpt":{"rendered":"<p>Zarobkowy Insider Adam Olenicz Adres strony internetowej to: zarobkowyinsider.pl 1. Administrator danych Administratorem danych osobowych jest Zarobkowy Insider &#8211; Adam Olenicz, dzia\u0142aj\u0105cy pod adresem Herweghstrasse 20, 39114 Magdeburg, e-mail: zarobkowyinsider@proton.me. 2. Zakres zbieranych danych Zbieramy wy\u0142\u0105cznie dane niezb\u0119dne do: \u2022 realizacji zam\u00f3wie\u0144 (imi\u0119, nazwisko, adres dostawy, adres e-mail, numer telefonu), \u2022 obs\u0142ugi zapyta\u0144 przesy\u0142anych przez [&hellip;]<\/p>\n","protected":false},"author":1,"featured_media":0,"parent":0,"menu_order":0,"comment_status":"closed","ping_status":"open","template":"","meta":{"footnotes":""},"class_list":["post-3","page","type-page","status-publish","hentry"],"blocksy_meta":[],"yoast_head":"<!-- This site is optimized with the Yoast SEO plugin v27.4 - https:\/\/yoast.com\/product\/yoast-seo-wordpress\/ -->\n<title>Polityka prywatno\u015bci - Zarobkowy Insider<\/title>\n<meta name=\"robots\" content=\"index, follow, max-snippet:-1, max-image-preview:large, max-video-preview:-1\" \/>\n<link rel=\"canonical\" href=\"https:\/\/zarobkowyinsider.pl\/?page_id=3\" \/>\n<meta property=\"og:locale\" content=\"en_US\" \/>\n<meta property=\"og:type\" content=\"article\" \/>\n<meta property=\"og:title\" content=\"Polityka prywatno\u015bci - Zarobkowy Insider\" \/>\n<meta property=\"og:description\" content=\"Zarobkowy Insider Adam Olenicz Adres strony internetowej to: zarobkowyinsider.pl 1. Administrator danych Administratorem danych osobowych jest Zarobkowy Insider &#8211; Adam Olenicz, dzia\u0142aj\u0105cy pod adresem Herweghstrasse 20, 39114 Magdeburg, e-mail: zarobkowyinsider@proton.me. 2. Zakres zbieranych danych Zbieramy wy\u0142\u0105cznie dane niezb\u0119dne do: \u2022 realizacji zam\u00f3wie\u0144 (imi\u0119, nazwisko, adres dostawy, adres e-mail, numer telefonu), \u2022 obs\u0142ugi zapyta\u0144 przesy\u0142anych przez [&hellip;]\" \/>\n<meta property=\"og:url\" content=\"https:\/\/zarobkowyinsider.pl\/?page_id=3\" \/>\n<meta property=\"og:site_name\" content=\"Zarobkowy Insider\" \/>\n<meta property=\"article:modified_time\" content=\"2025-09-01T14:16:24+00:00\" \/>\n<meta name=\"twitter:card\" content=\"summary_large_image\" \/>\n<meta name=\"twitter:label1\" content=\"Est. reading time\" \/>\n\t<meta name=\"twitter:data1\" content=\"2 minutes\" \/>\n<script type=\"application\/ld+json\" class=\"yoast-schema-graph\">{\"@context\":\"https:\\\/\\\/schema.org\",\"@graph\":[{\"@type\":\"WebPage\",\"@id\":\"https:\\\/\\\/zarobkowyinsider.pl\\\/?page_id=3\",\"url\":\"https:\\\/\\\/zarobkowyinsider.pl\\\/?page_id=3\",\"name\":\"Polityka prywatno\u015bci - Zarobkowy Insider\",\"isPartOf\":{\"@id\":\"https:\\\/\\\/zarobkowyinsider.pl\\\/#website\"},\"datePublished\":\"2025-06-29T10:41:28+00:00\",\"dateModified\":\"2025-09-01T14:16:24+00:00\",\"breadcrumb\":{\"@id\":\"https:\\\/\\\/zarobkowyinsider.pl\\\/?page_id=3#breadcrumb\"},\"inLanguage\":\"en-US\",\"potentialAction\":[{\"@type\":\"ReadAction\",\"target\":[\"https:\\\/\\\/zarobkowyinsider.pl\\\/?page_id=3\"]}]},{\"@type\":\"BreadcrumbList\",\"@id\":\"https:\\\/\\\/zarobkowyinsider.pl\\\/?page_id=3#breadcrumb\",\"itemListElement\":[{\"@type\":\"ListItem\",\"position\":1,\"name\":\"Strona g\u0142\u00f3wna\",\"item\":\"https:\\\/\\\/zarobkowyinsider.pl\\\/\"},{\"@type\":\"ListItem\",\"position\":2,\"name\":\"Polityka prywatno\u015bci\"}]},{\"@type\":\"WebSite\",\"@id\":\"https:\\\/\\\/zarobkowyinsider.pl\\\/#website\",\"url\":\"https:\\\/\\\/zarobkowyinsider.pl\\\/\",\"name\":\"Zarobkowy Insider\",\"description\":\"\",\"potentialAction\":[{\"@type\":\"SearchAction\",\"target\":{\"@type\":\"EntryPoint\",\"urlTemplate\":\"https:\\\/\\\/zarobkowyinsider.pl\\\/?s={search_term_string}\"},\"query-input\":{\"@type\":\"PropertyValueSpecification\",\"valueRequired\":true,\"valueName\":\"search_term_string\"}}],\"inLanguage\":\"en-US\"}]}<\/script>\n<!-- \/ Yoast SEO plugin. -->","yoast_head_json":{"title":"Polityka prywatno\u015bci - Zarobkowy Insider","robots":{"index":"index","follow":"follow","max-snippet":"max-snippet:-1","max-image-preview":"max-image-preview:large","max-video-preview":"max-video-preview:-1"},"canonical":"https:\/\/zarobkowyinsider.pl\/?page_id=3","og_locale":"en_US","og_type":"article","og_title":"Polityka prywatno\u015bci - Zarobkowy Insider","og_description":"Zarobkowy Insider Adam Olenicz Adres strony internetowej to: zarobkowyinsider.pl 1. Administrator danych Administratorem danych osobowych jest Zarobkowy Insider &#8211; Adam Olenicz, dzia\u0142aj\u0105cy pod adresem Herweghstrasse 20, 39114 Magdeburg, e-mail: zarobkowyinsider@proton.me. 2. Zakres zbieranych danych Zbieramy wy\u0142\u0105cznie dane niezb\u0119dne do: \u2022 realizacji zam\u00f3wie\u0144 (imi\u0119, nazwisko, adres dostawy, adres e-mail, numer telefonu), \u2022 obs\u0142ugi zapyta\u0144 przesy\u0142anych przez [&hellip;]","og_url":"https:\/\/zarobkowyinsider.pl\/?page_id=3","og_site_name":"Zarobkowy Insider","article_modified_time":"2025-09-01T14:16:24+00:00","twitter_card":"summary_large_image","twitter_misc":{"Est. reading time":"2 minutes"},"schema":{"@context":"https:\/\/schema.org","@graph":[{"@type":"WebPage","@id":"https:\/\/zarobkowyinsider.pl\/?page_id=3","url":"https:\/\/zarobkowyinsider.pl\/?page_id=3","name":"Polityka prywatno\u015bci - Zarobkowy Insider","isPartOf":{"@id":"https:\/\/zarobkowyinsider.pl\/#website"},"datePublished":"2025-06-29T10:41:28+00:00","dateModified":"2025-09-01T14:16:24+00:00","breadcrumb":{"@id":"https:\/\/zarobkowyinsider.pl\/?page_id=3#breadcrumb"},"inLanguage":"en-US","potentialAction":[{"@type":"ReadAction","target":["https:\/\/zarobkowyinsider.pl\/?page_id=3"]}]},{"@type":"BreadcrumbList","@id":"https:\/\/zarobkowyinsider.pl\/?page_id=3#breadcrumb","itemListElement":[{"@type":"ListItem","position":1,"name":"Strona g\u0142\u00f3wna","item":"https:\/\/zarobkowyinsider.pl\/"},{"@type":"ListItem","position":2,"name":"Polityka prywatno\u015bci"}]},{"@type":"WebSite","@id":"https:\/\/zarobkowyinsider.pl\/#website","url":"https:\/\/zarobkowyinsider.pl\/","name":"Zarobkowy Insider","description":"","potentialAction":[{"@type":"SearchAction","target":{"@type":"EntryPoint","urlTemplate":"https:\/\/zarobkowyinsider.pl\/?s={search_term_string}"},"query-input":{"@type":"PropertyValueSpecification","valueRequired":true,"valueName":"search_term_string"}}],"inLanguage":"en-US"}]}},"_links":{"self":[{"href":"https:\/\/zarobkowyinsider.pl\/index.php?rest_route=\/wp\/v2\/pages\/3","targetHints":{"allow":["GET"]}}],"collection":[{"href":"https:\/\/zarobkowyinsider.pl\/index.php?rest_route=\/wp\/v2\/pages"}],"about":[{"href":"https:\/\/zarobkowyinsider.pl\/index.php?rest_route=\/wp\/v2\/types\/page"}],"author":[{"embeddable":true,"href":"https:\/\/zarobkowyinsider.pl\/index.php?rest_route=\/wp\/v2\/users\/1"}],"replies":[{"embeddable":true,"href":"https:\/\/zarobkowyinsider.pl\/index.php?rest_route=%2Fwp%2Fv2%2Fcomments&post=3"}],"version-history":[{"count":2,"href":"https:\/\/zarobkowyinsider.pl\/index.php?rest_route=\/wp\/v2\/pages\/3\/revisions"}],"predecessor-version":[{"id":220,"href":"https:\/\/zarobkowyinsider.pl\/index.php?rest_route=\/wp\/v2\/pages\/3\/revisions\/220"}],"wp:attachment":[{"href":"https:\/\/zarobkowyinsider.pl\/index.php?rest_route=%2Fwp%2Fv2%2Fmedia&parent=3"}],"curies":[{"name":"wp","href":"https:\/\/api.w.org\/{rel}","templated":true}]}}