{"id":1193,"date":"2026-02-06T09:01:26","date_gmt":"2026-02-06T08:01:26","guid":{"rendered":"https:\/\/zarobkowyinsider.pl\/?page_id=1193"},"modified":"2026-02-06T13:08:24","modified_gmt":"2026-02-06T12:08:24","slug":"konsultacje-skutecznosci","status":"publish","type":"page","link":"https:\/\/zarobkowyinsider.pl\/?page_id=1193","title":{"rendered":"Konsultacje skuteczno\u015bci"},"content":{"rendered":"\t\t<div data-elementor-type=\"wp-page\" data-elementor-id=\"1193\" class=\"elementor elementor-1193\">\n\t\t\t\t<div class=\"elementor-element elementor-element-8744fc9 e-flex e-con-boxed e-con e-parent\" data-id=\"8744fc9\" data-element_type=\"container\" data-e-type=\"container\">\n\t\t\t\t\t<div class=\"e-con-inner\">\n\t\t\t\t<div class=\"elementor-element elementor-element-373225f elementor-widget elementor-widget-html\" data-id=\"373225f\" data-element_type=\"widget\" data-e-type=\"widget\" data-widget_type=\"html.default\">\n\t\t\t\t\t<div class=\"zi-card\">\r\n  <h1>Konsultacje skuteczno\u015bci w codziennych dzia\u0142aniach<\/h1>\r\n  <p>Dla przedsi\u0119biorc\u00f3w i os\u00f3b \u0142\u0105cz\u0105cych etat z w\u0142asn\u0105 dzia\u0142alno\u015bci\u0105.<\/p>\r\n\r\n  <div class=\"zi-consult-cta\">\r\n    <a class=\"zi-btn zi-btn--primary\" href=\"#rezerwacja\">Sprawd\u017a dost\u0119pno\u015b\u0107 termin\u00f3w<\/a>\r\n    <a class=\"zi-btn zi-btn--ghost\" href=\"#proces\">Zobacz, jak to dzia\u0142a<\/a>\r\n  <\/div>\r\n\r\n  <div class=\"zi-microproof\">\r\n    <strong>Pakiet 2\u00d745 min<\/strong> \u2022 Google Meet \u2022 jasny plan dzia\u0142a\u0144 po rozmowie\r\n  <\/div>\r\n\r\n  <div class=\"zi-trustbar\">\r\n    <div class=\"zi-trustitem\">\r\n      <div class=\"zi-trusticon\">\u2713<\/div>\r\n      <div class=\"zi-trusttext\">\r\n        <div class=\"zi-trusttitle\">Konkretny rezultat<\/div>\r\n        <div class=\"zi-trustdesc\">Wychodzisz z priorytetami i planem dzia\u0142a\u0144.<\/div>\r\n      <\/div>\r\n    <\/div>\r\n\r\n    <div class=\"zi-trustitem\">\r\n      <div class=\"zi-trusticon\">\u23f1<\/div>\r\n      <div class=\"zi-trusttext\">\r\n        <div class=\"zi-trusttitle\">Bez przeci\u0105gania<\/div>\r\n        <div class=\"zi-trustdesc\">45 minut = decyzje, nie gadanie.<\/div>\r\n      <\/div>\r\n    <\/div>\r\n\r\n    <div class=\"zi-trustitem\">\r\n      <div class=\"zi-trusticon\">\ud83d\udccc<\/div>\r\n      <div class=\"zi-trusttext\">\r\n        <div class=\"zi-trusttitle\">Proces 2-etapowy<\/div>\r\n        <div class=\"zi-trustdesc\">Diagnoza \u2192 plan \u2192 wdro\u017cenie.<\/div>\r\n      <\/div>\r\n    <\/div>\r\n  <\/div>\r\n<\/div>\r\n\t\t\t\t<\/div>\n\t\t\t\t<div class=\"elementor-element elementor-element-38fd96a elementor-widget elementor-widget-html\" data-id=\"38fd96a\" data-element_type=\"widget\" data-e-type=\"widget\" data-widget_type=\"html.default\">\n\t\t\t\t\t<div class=\"zi-card zi-qualifier zi-anchor\">\r\n  <h2 class=\"zi-section-title\">Je\u015bli masz wra\u017cenie, \u017ce\u2026<\/h2>\r\n\r\n  <div class=\"zi-feels-grid\">\r\n    <div class=\"zi-feel\">\r\n      <div class=\"zi-feel-mark\">\u2715<\/div>\r\n      <div class=\"zi-feel-text\">Robi\u0119 du\u017co, ale ma\u0142o z tego wynika.<\/div>\r\n    <\/div>\r\n\r\n    <div class=\"zi-feel\">\r\n      <div class=\"zi-feel-mark\">\u2715<\/div>\r\n      <div class=\"zi-feel-text\">Plan rozje\u017cd\u017ca si\u0119 mi\u0119dzy etatem a w\u0142asnym biznesem.<\/div>\r\n    <\/div>\r\n\r\n    <div class=\"zi-feel\">\r\n      <div class=\"zi-feel-mark\">\u2715<\/div>\r\n      <div class=\"zi-feel-text\">Mam czas, ale brakuje mi energii.<\/div>\r\n    <\/div>\r\n\r\n    <div class=\"zi-feel\">\r\n      <div class=\"zi-feel-mark\">\u2715<\/div>\r\n      <div class=\"zi-feel-text\">Zamiast dzia\u0142a\u0107 strategicznie \u2014 gasz\u0119 po\u017cary.<\/div>\r\n    <\/div>\r\n  <\/div>\r\n\r\n  <div class=\"zi-reframe\">\r\n    <div class=\"zi-reframe-badge\">Wa\u017cne<\/div>\r\n    <div class=\"zi-reframe-text\">\r\n      To zwykle nie jest problem z motywacj\u0105.<br\/>\r\n      <strong>To problem z priorytetami i struktur\u0105 decyzji.<\/strong>\r\n    <\/div>\r\n  <\/div>\r\n\r\n  <div class=\"zi-consult-cta\" style=\"margin-top:14px;\">\r\n    <a class=\"zi-btn zi-btn--primary\" href=\"#rezerwacja\">Sprawd\u017a dost\u0119pno\u015b\u0107 termin\u00f3w<\/a>\r\n    <a class=\"zi-btn zi-btn--ghost\" href=\"#proces\">Zobacz, jak to dzia\u0142a<\/a>\r\n  <\/div>\r\n<\/div>\r\n\t\t\t\t<\/div>\n\t\t\t\t<div class=\"elementor-element elementor-element-c1220d6 elementor-widget elementor-widget-html\" data-id=\"c1220d6\" data-element_type=\"widget\" data-e-type=\"widget\" data-widget_type=\"html.default\">\n\t\t\t\t\t<div id=\"proces\" class=\"zi-card zi-anchor\" style=\"margin-top:16px;\">\r\n  <h2>Jak wygl\u0105da proces? (pakiet 2\u00d745 minut)<\/h2>\r\n\r\n  <p>\r\n    <strong>Spotkanie 1 \u2013 diagnoza i kierunek:<\/strong>\r\n    analizujemy sytuacj\u0119, blokady i priorytety.\r\n  <\/p>\r\n\r\n  <p>\r\n    <strong>Spotkanie 2 \u2013 plan dzia\u0142ania:<\/strong>\r\n    domykamy plan, porz\u0105dkujemy czas i dzia\u0142ania, kt\u00f3re daj\u0105 wynik.\r\n  <\/p>\r\n\r\n  <p>Mi\u0119dzy spotkaniami masz przestrze\u0144 na wdro\u017cenia.<\/p>\r\n<\/div>\r\n\t\t\t\t<\/div>\n\t\t\t\t<div class=\"elementor-element elementor-element-e7f6132 elementor-widget elementor-widget-html\" data-id=\"e7f6132\" data-element_type=\"widget\" data-e-type=\"widget\" data-widget_type=\"html.default\">\n\t\t\t\t\t<div class=\"zi-card zi-notdo zi-anchor\">\r\n  <h2 class=\"zi-section-title\">Czego nie robi\u0119 w tych konsultacjach<\/h2>\r\n\r\n  <div class=\"zi-notdo-grid\">\r\n    <div class=\"zi-notdo-item\">\r\n      <div class=\"zi-notdo-icon\">\u2014<\/div>\r\n      <div class=\"zi-notdo-text\">Nie motywuj\u0119 na chwil\u0119. Budujemy system decyzji.<\/div>\r\n    <\/div>\r\n\r\n    <div class=\"zi-notdo-item\">\r\n      <div class=\"zi-notdo-icon\">\u2014<\/div>\r\n      <div class=\"zi-notdo-text\">Nie daj\u0119 uniwersalnych schemat\u00f3w. Dopasowujemy priorytety do Twojej sytuacji.<\/div>\r\n    <\/div>\r\n\r\n    <div class=\"zi-notdo-item\">\r\n      <div class=\"zi-notdo-icon\">\u2014<\/div>\r\n      <div class=\"zi-notdo-text\">Nie dok\u0142adam zada\u0144 dla bycia zaj\u0119tym. Skupiamy si\u0119 na tym, co przesuwa wynik.<\/div>\r\n    <\/div>\r\n  <\/div>\r\n\r\n  <div class=\"zi-notdo-footer\">\r\n    <span class=\"zi-notdo-gold\">W skr\u00f3cie:<\/span> klarowno\u015b\u0107 \u2192 priorytety \u2192 realne dzia\u0142ania.\r\n  <\/div>\r\n<\/div>\r\n\t\t\t\t<\/div>\n\t\t\t\t<div class=\"elementor-element elementor-element-792c4bd elementor-widget elementor-widget-html\" data-id=\"792c4bd\" data-element_type=\"widget\" data-e-type=\"widget\" data-widget_type=\"html.default\">\n\t\t\t\t\t<div class=\"zi-card\" style=\"margin-top:16px;\">\r\n  <h2>Cena i forma<\/h2>\r\n\r\n  <p>\r\n    <strong>99 \u20ac<\/strong> \u2013 pakiet 2\u00d745 minut \u2022 online (Google Meet)\r\n  <\/p>\r\n\r\n  <p>Drugie spotkanie umawiane jest po pierwszej konsultacji.<\/p>\r\n<\/div>\r\n\t\t\t\t<\/div>\n\t\t\t\t<div class=\"elementor-element elementor-element-9176546 elementor-widget elementor-widget-html\" data-id=\"9176546\" data-element_type=\"widget\" data-e-type=\"widget\" data-widget_type=\"html.default\">\n\t\t\t\t\t<div class=\"zi-calendly-head zi-anchor\">\r\n  <div class=\"zi-calendly-eyebrow\">Krok 1 z 2<\/div>\r\n  <h3 class=\"zi-calendly-title\">Wybierz termin pierwszej konsultacji<\/h3>\r\n  <p class=\"zi-calendly-sub\">\r\n    To spotkanie ma charakter <strong>diagnostyczny i decyzyjny<\/strong>.\r\n    Drug\u0105 rozmow\u0119 um\u00f3wisz po pierwszej konsultacji.\r\n  <\/p>\r\n<\/div>\r\n\t\t\t\t<\/div>\n\t\t\t\t<div class=\"elementor-element elementor-element-745dd0e zi-anchor elementor-widget elementor-widget-html\" data-id=\"745dd0e\" data-element_type=\"widget\" data-e-type=\"widget\" id=\"rezerwacja\" data-widget_type=\"html.default\">\n\t\t\t\t\t<!-- Calendly inline widget begin -->\r\n<div class=\"calendly-inline-widget\" data-url=\"https:\/\/calendly.com\/zarobkowyinsider\/konsultacja-skutecznosci-pakiet-2x45-min?primary_color=326647\" style=\"min-width:320px;height:700px;\"><\/div>\r\n<script type=\"text\/javascript\" src=\"https:\/\/assets.calendly.com\/assets\/external\/widget.js\" async><\/script>\r\n<!-- Calendly inline widget end -->\t\t\t\t<\/div>\n\t\t\t\t<div class=\"elementor-element elementor-element-ffb637f elementor-widget elementor-widget-text-editor\" data-id=\"ffb637f\" data-element_type=\"widget\" data-e-type=\"widget\" data-widget_type=\"text-editor.default\">\n\t\t\t\t\t\t\t\t\t<p>Rezerwuj\u0105c konsultacj\u0119, wyra\u017casz zgod\u0119 na rozpocz\u0119cie realizacji us\u0142ugi przed up\u0142ywem 14 dni i zrzekasz si\u0119 prawa odst\u0105pienia od umowy.<\/p>\t\t\t\t\t\t\t\t<\/div>\n\t\t\t\t\t<\/div>\n\t\t\t\t<\/div>\n\t\t\t\t<\/div>\n\t\t","protected":false},"excerpt":{"rendered":"<p>Konsultacje skuteczno\u015bci w codziennych dzia\u0142aniach Dla przedsi\u0119biorc\u00f3w i os\u00f3b \u0142\u0105cz\u0105cych etat z w\u0142asn\u0105 dzia\u0142alno\u015bci\u0105. Sprawd\u017a dost\u0119pno\u015b\u0107 termin\u00f3w Zobacz, jak to dzia\u0142a Pakiet 2\u00d745 min \u2022 Google Meet \u2022 jasny plan dzia\u0142a\u0144 po rozmowie \u2713 Konkretny rezultat Wychodzisz z priorytetami i planem dzia\u0142a\u0144. \u23f1 Bez przeci\u0105gania 45 minut = decyzje, nie gadanie. \ud83d\udccc Proces 2-etapowy Diagnoza [&hellip;]<\/p>\n","protected":false},"author":1,"featured_media":0,"parent":0,"menu_order":0,"comment_status":"closed","ping_status":"closed","template":"elementor_canvas","meta":{"footnotes":""},"class_list":["post-1193","page","type-page","status-publish","hentry"],"blocksy_meta":[],"yoast_head":"<!-- This site is optimized with the Yoast SEO plugin v27.4 - https:\/\/yoast.com\/product\/yoast-seo-wordpress\/ -->\n<title>Konsultacje skuteczno\u015bci - Zarobkowy Insider<\/title>\n<meta name=\"robots\" content=\"index, follow, max-snippet:-1, max-image-preview:large, max-video-preview:-1\" \/>\n<link rel=\"canonical\" href=\"https:\/\/zarobkowyinsider.pl\/?page_id=1193\" \/>\n<meta property=\"og:locale\" content=\"en_US\" \/>\n<meta property=\"og:type\" content=\"article\" \/>\n<meta property=\"og:title\" content=\"Konsultacje skuteczno\u015bci - Zarobkowy Insider\" \/>\n<meta property=\"og:description\" content=\"Konsultacje skuteczno\u015bci w codziennych dzia\u0142aniach Dla przedsi\u0119biorc\u00f3w i os\u00f3b \u0142\u0105cz\u0105cych etat z w\u0142asn\u0105 dzia\u0142alno\u015bci\u0105. Sprawd\u017a dost\u0119pno\u015b\u0107 termin\u00f3w Zobacz, jak to dzia\u0142a Pakiet 2\u00d745 min \u2022 Google Meet \u2022 jasny plan dzia\u0142a\u0144 po rozmowie \u2713 Konkretny rezultat Wychodzisz z priorytetami i planem dzia\u0142a\u0144. \u23f1 Bez przeci\u0105gania 45 minut = decyzje, nie gadanie. \ud83d\udccc Proces 2-etapowy Diagnoza [&hellip;]\" \/>\n<meta property=\"og:url\" content=\"https:\/\/zarobkowyinsider.pl\/?page_id=1193\" \/>\n<meta property=\"og:site_name\" content=\"Zarobkowy Insider\" \/>\n<meta property=\"article:modified_time\" content=\"2026-02-06T12:08:24+00:00\" \/>\n<meta name=\"twitter:card\" content=\"summary_large_image\" \/>\n<meta name=\"twitter:label1\" content=\"Est. reading time\" \/>\n\t<meta name=\"twitter:data1\" content=\"2 minutes\" \/>\n<script type=\"application\/ld+json\" class=\"yoast-schema-graph\">{\"@context\":\"https:\\\/\\\/schema.org\",\"@graph\":[{\"@type\":\"WebPage\",\"@id\":\"https:\\\/\\\/zarobkowyinsider.pl\\\/?page_id=1193\",\"url\":\"https:\\\/\\\/zarobkowyinsider.pl\\\/?page_id=1193\",\"name\":\"Konsultacje skuteczno\u015bci - Zarobkowy Insider\",\"isPartOf\":{\"@id\":\"https:\\\/\\\/zarobkowyinsider.pl\\\/#website\"},\"datePublished\":\"2026-02-06T08:01:26+00:00\",\"dateModified\":\"2026-02-06T12:08:24+00:00\",\"breadcrumb\":{\"@id\":\"https:\\\/\\\/zarobkowyinsider.pl\\\/?page_id=1193#breadcrumb\"},\"inLanguage\":\"en-US\",\"potentialAction\":[{\"@type\":\"ReadAction\",\"target\":[\"https:\\\/\\\/zarobkowyinsider.pl\\\/?page_id=1193\"]}]},{\"@type\":\"BreadcrumbList\",\"@id\":\"https:\\\/\\\/zarobkowyinsider.pl\\\/?page_id=1193#breadcrumb\",\"itemListElement\":[{\"@type\":\"ListItem\",\"position\":1,\"name\":\"Strona g\u0142\u00f3wna\",\"item\":\"https:\\\/\\\/zarobkowyinsider.pl\\\/\"},{\"@type\":\"ListItem\",\"position\":2,\"name\":\"Konsultacje skuteczno\u015bci\"}]},{\"@type\":\"WebSite\",\"@id\":\"https:\\\/\\\/zarobkowyinsider.pl\\\/#website\",\"url\":\"https:\\\/\\\/zarobkowyinsider.pl\\\/\",\"name\":\"Zarobkowy Insider\",\"description\":\"\",\"potentialAction\":[{\"@type\":\"SearchAction\",\"target\":{\"@type\":\"EntryPoint\",\"urlTemplate\":\"https:\\\/\\\/zarobkowyinsider.pl\\\/?s={search_term_string}\"},\"query-input\":{\"@type\":\"PropertyValueSpecification\",\"valueRequired\":true,\"valueName\":\"search_term_string\"}}],\"inLanguage\":\"en-US\"}]}<\/script>\n<!-- \/ Yoast SEO plugin. -->","yoast_head_json":{"title":"Konsultacje skuteczno\u015bci - Zarobkowy Insider","robots":{"index":"index","follow":"follow","max-snippet":"max-snippet:-1","max-image-preview":"max-image-preview:large","max-video-preview":"max-video-preview:-1"},"canonical":"https:\/\/zarobkowyinsider.pl\/?page_id=1193","og_locale":"en_US","og_type":"article","og_title":"Konsultacje skuteczno\u015bci - Zarobkowy Insider","og_description":"Konsultacje skuteczno\u015bci w codziennych dzia\u0142aniach Dla przedsi\u0119biorc\u00f3w i os\u00f3b \u0142\u0105cz\u0105cych etat z w\u0142asn\u0105 dzia\u0142alno\u015bci\u0105. Sprawd\u017a dost\u0119pno\u015b\u0107 termin\u00f3w Zobacz, jak to dzia\u0142a Pakiet 2\u00d745 min \u2022 Google Meet \u2022 jasny plan dzia\u0142a\u0144 po rozmowie \u2713 Konkretny rezultat Wychodzisz z priorytetami i planem dzia\u0142a\u0144. \u23f1 Bez przeci\u0105gania 45 minut = decyzje, nie gadanie. \ud83d\udccc Proces 2-etapowy Diagnoza [&hellip;]","og_url":"https:\/\/zarobkowyinsider.pl\/?page_id=1193","og_site_name":"Zarobkowy Insider","article_modified_time":"2026-02-06T12:08:24+00:00","twitter_card":"summary_large_image","twitter_misc":{"Est. reading time":"2 minutes"},"schema":{"@context":"https:\/\/schema.org","@graph":[{"@type":"WebPage","@id":"https:\/\/zarobkowyinsider.pl\/?page_id=1193","url":"https:\/\/zarobkowyinsider.pl\/?page_id=1193","name":"Konsultacje skuteczno\u015bci - Zarobkowy Insider","isPartOf":{"@id":"https:\/\/zarobkowyinsider.pl\/#website"},"datePublished":"2026-02-06T08:01:26+00:00","dateModified":"2026-02-06T12:08:24+00:00","breadcrumb":{"@id":"https:\/\/zarobkowyinsider.pl\/?page_id=1193#breadcrumb"},"inLanguage":"en-US","potentialAction":[{"@type":"ReadAction","target":["https:\/\/zarobkowyinsider.pl\/?page_id=1193"]}]},{"@type":"BreadcrumbList","@id":"https:\/\/zarobkowyinsider.pl\/?page_id=1193#breadcrumb","itemListElement":[{"@type":"ListItem","position":1,"name":"Strona g\u0142\u00f3wna","item":"https:\/\/zarobkowyinsider.pl\/"},{"@type":"ListItem","position":2,"name":"Konsultacje skuteczno\u015bci"}]},{"@type":"WebSite","@id":"https:\/\/zarobkowyinsider.pl\/#website","url":"https:\/\/zarobkowyinsider.pl\/","name":"Zarobkowy Insider","description":"","potentialAction":[{"@type":"SearchAction","target":{"@type":"EntryPoint","urlTemplate":"https:\/\/zarobkowyinsider.pl\/?s={search_term_string}"},"query-input":{"@type":"PropertyValueSpecification","valueRequired":true,"valueName":"search_term_string"}}],"inLanguage":"en-US"}]}},"_links":{"self":[{"href":"https:\/\/zarobkowyinsider.pl\/index.php?rest_route=\/wp\/v2\/pages\/1193","targetHints":{"allow":["GET"]}}],"collection":[{"href":"https:\/\/zarobkowyinsider.pl\/index.php?rest_route=\/wp\/v2\/pages"}],"about":[{"href":"https:\/\/zarobkowyinsider.pl\/index.php?rest_route=\/wp\/v2\/types\/page"}],"author":[{"embeddable":true,"href":"https:\/\/zarobkowyinsider.pl\/index.php?rest_route=\/wp\/v2\/users\/1"}],"replies":[{"embeddable":true,"href":"https:\/\/zarobkowyinsider.pl\/index.php?rest_route=%2Fwp%2Fv2%2Fcomments&post=1193"}],"version-history":[{"count":28,"href":"https:\/\/zarobkowyinsider.pl\/index.php?rest_route=\/wp\/v2\/pages\/1193\/revisions"}],"predecessor-version":[{"id":1242,"href":"https:\/\/zarobkowyinsider.pl\/index.php?rest_route=\/wp\/v2\/pages\/1193\/revisions\/1242"}],"wp:attachment":[{"href":"https:\/\/zarobkowyinsider.pl\/index.php?rest_route=%2Fwp%2Fv2%2Fmedia&parent=1193"}],"curies":[{"name":"wp","href":"https:\/\/api.w.org\/{rel}","templated":true}]}}